{"id":993,"date":"2025-06-15T20:14:37","date_gmt":"2025-06-15T20:14:37","guid":{"rendered":"http:\/\/loiart.com.tr\/?page_id=993"},"modified":"2025-09-08T12:54:45","modified_gmt":"2025-09-08T12:54:45","slug":"tabak-tasarimi","status":"publish","type":"page","link":"https:\/\/loiart.com.tr\/index.php\/tabak-tasarimi\/","title":{"rendered":"Tabak Tasar\u0131m\u0131"},"content":{"rendered":"\t\t<div data-elementor-type=\"wp-page\" data-elementor-id=\"993\" class=\"elementor elementor-993\">\n\t\t\t\t<div class=\"elementor-element elementor-element-fab19d0 e-flex e-con-boxed e-con e-parent\" data-id=\"fab19d0\" data-element_type=\"container\" data-e-type=\"container\" data-settings=\"{&quot;background_background&quot;:&quot;classic&quot;}\">\n\t\t\t\t\t<div class=\"e-con-inner\">\n\t\t\t\t\t<\/div>\n\t\t\t\t<\/div>\n\t\t<div class=\"elementor-element elementor-element-22d969d e-flex e-con-boxed e-con e-parent\" data-id=\"22d969d\" data-element_type=\"container\" data-e-type=\"container\">\n\t\t\t\t\t<div class=\"e-con-inner\">\n\t\t\t\t<div class=\"elementor-element elementor-element-bfb24ab elementor-widget elementor-widget-text-editor\" data-id=\"bfb24ab\" data-element_type=\"widget\" data-e-type=\"widget\" data-widget_type=\"text-editor.default\">\n\t\t\t\t<div class=\"elementor-widget-container\">\n\t\t\t\t\t\t\t\t\t<p>Secdus<\/p>\t\t\t\t\t\t\t\t<\/div>\n\t\t\t\t<\/div>\n\t\t\t\t<div class=\"elementor-element elementor-element-9a08000 elementor-widget elementor-widget-heading\" data-id=\"9a08000\" data-element_type=\"widget\" data-e-type=\"widget\" data-widget_type=\"heading.default\">\n\t\t\t\t<div class=\"elementor-widget-container\">\n\t\t\t\t\t<h2 class=\"elementor-heading-title elementor-size-default\">Hayalinizdeki tasar\u0131m\u0131 sofralara ta\u015f\u0131yoruz. <\/h2>\t\t\t\t<\/div>\n\t\t\t\t<\/div>\n\t\t\t\t<div class=\"elementor-element elementor-element-29dba61 elementor-widget elementor-widget-text-editor\" data-id=\"29dba61\" data-element_type=\"widget\" data-e-type=\"widget\" data-widget_type=\"text-editor.default\">\n\t\t\t\t<div class=\"elementor-widget-container\">\n\t\t\t\t\t\t\t\t\t<p>Sanat\u0131, i\u015flevsellikle bulu\u015fturan tabak tasar\u0131mlar\u0131 \u00fcretiyoruz. \u0130ster tekil bir ill\u00fcstrasyon, ister koleksiyonluk bir set olsun&#8230;<\/p><p><span style=\"font-family: inherit; font-size: inherit; font-style: inherit; font-variant-ligatures: inherit; font-variant-caps: inherit; font-weight: inherit;\">Her projemizde form, desen ve hik\u00e2ye b\u00fct\u00fcnl\u00fc\u011f\u00fcne \u00f6nem veriyoruz.\u00a0<\/span><span style=\"font-family: inherit; font-size: inherit; font-style: inherit; font-variant-ligatures: inherit; font-variant-caps: inherit; font-weight: inherit;\">Geleneksel motiflerden modern ill\u00fcstrasyonlara,\u00a0<\/span><\/p><p><span style=\"font-family: inherit; font-size: inherit; font-style: inherit; font-variant-ligatures: inherit; font-variant-caps: inherit; font-weight: inherit;\">dijital boyama tekniklerinden serigrafiye kadar geni\u015f bir stil yelpazesiyle \u00e7al\u0131\u015f\u0131yoruz. <\/span><\/p><p>LoiArt ile tasar\u0131m, sofran\u0131za yeni bir anlam kat\u0131yoruz.<\/p>\t\t\t\t\t\t\t\t<\/div>\n\t\t\t\t<\/div>\n\t\t\t\t\t<\/div>\n\t\t\t\t<\/div>\n\t\t<div class=\"elementor-element elementor-element-a83a2d7 e-flex e-con-boxed e-con e-parent\" data-id=\"a83a2d7\" data-element_type=\"container\" data-e-type=\"container\">\n\t\t\t\t\t<div class=\"e-con-inner\">\n\t\t<div class=\"elementor-element elementor-element-9dcc4a8 e-con-full e-flex e-con e-child\" data-id=\"9dcc4a8\" data-element_type=\"container\" data-e-type=\"container\" data-settings=\"{&quot;background_background&quot;:&quot;classic&quot;}\">\n\t\t\t\t<\/div>\n\t\t<div class=\"elementor-element elementor-element-65719cf e-con-full e-flex e-con e-child\" data-id=\"65719cf\" data-element_type=\"container\" data-e-type=\"container\" data-settings=\"{&quot;background_background&quot;:&quot;classic&quot;}\">\n\t\t\t\t<\/div>\n\t\t\t\t\t<\/div>\n\t\t\t\t<\/div>\n\t\t<div class=\"elementor-element elementor-element-c8ab34d e-flex e-con-boxed e-con e-parent\" data-id=\"c8ab34d\" data-element_type=\"container\" data-e-type=\"container\">\n\t\t\t\t\t<div class=\"e-con-inner\">\n\t\t<div class=\"elementor-element elementor-element-f215aac e-con-full e-flex e-con e-child\" data-id=\"f215aac\" data-element_type=\"container\" data-e-type=\"container\" data-settings=\"{&quot;background_background&quot;:&quot;classic&quot;}\">\n\t\t\t\t<\/div>\n\t\t<div class=\"elementor-element elementor-element-5d69fcc e-con-full e-flex e-con e-child\" data-id=\"5d69fcc\" data-element_type=\"container\" data-e-type=\"container\" data-settings=\"{&quot;background_background&quot;:&quot;classic&quot;}\">\n\t\t\t\t<\/div>\n\t\t\t\t\t<\/div>\n\t\t\t\t<\/div>\n\t\t<div class=\"elementor-element elementor-element-f441ee6 e-flex e-con-boxed e-con e-parent\" data-id=\"f441ee6\" data-element_type=\"container\" data-e-type=\"container\">\n\t\t\t\t\t<div class=\"e-con-inner\">\n\t\t<div class=\"elementor-element elementor-element-76c4512 e-con-full e-flex e-con e-child\" data-id=\"76c4512\" data-element_type=\"container\" data-e-type=\"container\" data-settings=\"{&quot;background_background&quot;:&quot;video&quot;,&quot;background_video_link&quot;:&quot;https:\\\/\\\/youtu.be\\\/XeEdEmlFmZQ&quot;}\">\n\t\t<div class=\"elementor-background-video-container elementor-hidden-mobile\">\n\t\t\t\t\t\t\t<div class=\"elementor-background-video-embed\" role=\"presentation\"><\/div>\n\t\t\t\t\t\t<\/div>\t\t<\/div>\n\t\t\t\t\t<\/div>\n\t\t\t\t<\/div>\n\t\t\t\t<\/div>\n\t\t","protected":false},"excerpt":{"rendered":"<p>Secdus Hayalinizdeki tasar\u0131m\u0131 sofralara ta\u015f\u0131yoruz. Sanat\u0131, i\u015flevsellikle bulu\u015fturan tabak tasar\u0131mlar\u0131 \u00fcretiyoruz. \u0130ster tekil bir ill\u00fcstrasyon, ister koleksiyonluk bir set olsun&#8230; Her projemizde form, desen ve hik\u00e2ye b\u00fct\u00fcnl\u00fc\u011f\u00fcne \u00f6nem veriyoruz.\u00a0Geleneksel motiflerden modern ill\u00fcstrasyonlara,\u00a0 dijital boyama tekniklerinden serigrafiye kadar geni\u015f bir stil yelpazesiyle \u00e7al\u0131\u015f\u0131yoruz. LoiArt ile tasar\u0131m, sofran\u0131za yeni bir anlam kat\u0131yoruz.<\/p>\n","protected":false},"author":3,"featured_media":0,"parent":0,"menu_order":0,"comment_status":"closed","ping_status":"closed","template":"","meta":{"footnotes":""},"class_list":["post-993","page","type-page","status-publish","hentry"],"blocksy_meta":{"has_hero_section":"disabled","vertical_spacing_source":"custom","content_area_spacing":"none","styles_descriptor":{"styles":{"desktop":"","tablet":"","mobile":""},"google_fonts":[],"version":6}},"_links":{"self":[{"href":"https:\/\/loiart.com.tr\/index.php\/wp-json\/wp\/v2\/pages\/993","targetHints":{"allow":["GET"]}}],"collection":[{"href":"https:\/\/loiart.com.tr\/index.php\/wp-json\/wp\/v2\/pages"}],"about":[{"href":"https:\/\/loiart.com.tr\/index.php\/wp-json\/wp\/v2\/types\/page"}],"author":[{"embeddable":true,"href":"https:\/\/loiart.com.tr\/index.php\/wp-json\/wp\/v2\/users\/3"}],"replies":[{"embeddable":true,"href":"https:\/\/loiart.com.tr\/index.php\/wp-json\/wp\/v2\/comments?post=993"}],"version-history":[{"count":112,"href":"https:\/\/loiart.com.tr\/index.php\/wp-json\/wp\/v2\/pages\/993\/revisions"}],"predecessor-version":[{"id":3061,"href":"https:\/\/loiart.com.tr\/index.php\/wp-json\/wp\/v2\/pages\/993\/revisions\/3061"}],"wp:attachment":[{"href":"https:\/\/loiart.com.tr\/index.php\/wp-json\/wp\/v2\/media?parent=993"}],"curies":[{"name":"wp","href":"https:\/\/api.w.org\/{rel}","templated":true}]}}