{"id":842,"date":"2025-01-08T10:41:40","date_gmt":"2025-01-08T10:41:40","guid":{"rendered":"https:\/\/startersites.io\/elementor\/smart-home\/?page_id=842"},"modified":"2025-06-15T19:34:10","modified_gmt":"2025-06-15T19:34:10","slug":"features","status":"publish","type":"page","link":"https:\/\/loiart.com.tr\/index.php\/features\/","title":{"rendered":"Features"},"content":{"rendered":"<h1>Features<\/h1>\n<p>Our Services<\/p>\n<h2>Check out the full range of Smart Home features<\/h2>\n<p>Condimentum ullamcorper pellentesque nullam tellus dis lorem nibh dictum. Amet vel cursus consequat iaculis ipsumut.<\/p>\n<p>\t\t\t\t\t<a href=\"#\"><br \/>\n\t\t\t\t\t\t\t\t\tFind Out More<br \/>\n\t\t\t\t\t<\/a><br \/>\n\t\t\t<svg xmlns=\"http:\/\/www.w3.org\/2000\/svg\" viewBox=\"0 0 42.31 50\"><path fill-rule=\"evenodd\" d=\"M13.46 23.08C6.03 23.08 0 29.11 0 36.54S6.03 50 13.46 50s13.46-6.03 13.46-13.46-6.03-13.46-13.46-13.46ZM24.98 5.33c-1.88 2.77-5.11 7.71-7.95 12.9a1.923 1.923 0 0 1-3.37-1.85C18.08 8.3 23.44.81 23.44.81a1.921 1.921 0 0 1 3.16.04s3.9 5.78 4.03 5.99c2.78 4.31 6.38 10.28 8.82 15.71 1.73 3.86 2.86 7.48 2.86 10.14 0 8.06-5.52 14.84-12.98 16.76a1.92 1.92 0 0 1-2.34-1.38 1.92 1.92 0 0 1 1.38-2.34c5.8-1.5 10.1-6.77 10.1-13.04 0-2.25-1.05-5.29-2.52-8.56-2.36-5.26-5.85-11.03-8.54-15.2-.08-.12-1.33-1.98-2.42-3.59ZM13.46 26.92c5.31 0 9.62 4.31 9.62 9.62s-4.31 9.62-9.62 9.62-9.62-4.31-9.62-9.62 4.31-9.62 9.62-9.62Zm0 13.46a1.92 1.92 0 1 1-.001 3.841 1.92 1.92 0 0 1 .001-3.841Zm-1.92-9.58v5.73a1.92 1.92 0 0 0 3.84 0V30.8a1.92 1.92 0 0 0-3.84 0Z\"><\/path><\/svg>\t\t\t<\/p>\n<h3>Heating Control<\/h3>\n<p>Tempus condimentum ullamcorper pellentesque nullam tellus dis lorem dictum consequat dignissim.<\/p>\n<p><a href=\"#\">Learn more<\/a><\/p>\n<p>\t\t\t<svg xmlns=\"http:\/\/www.w3.org\/2000\/svg\" viewBox=\"0 0 50 50\"><path fill-rule=\"evenodd\" d=\"M11.54 23.08v23.08h26.92V28.85a1.92 1.92 0 0 1 3.84 0v19.23c0 1.06-.86 1.92-1.92 1.92H9.62a1.92 1.92 0 0 1-1.92-1.92v-25H1.92c-.64 0-1.23-.32-1.59-.84-.36-.53-.43-1.2-.19-1.79L7.83 1.21C8.12.48 8.83 0 9.62 0h30.77c.79 0 1.49.48 1.79 1.21l7.69 19.23c.24.59.16 1.26-.19 1.79-.36.53-.95.84-1.59.84H11.54Zm14.2 13.46h-4.58c-.67 0-1.29-.35-1.64-.91-.35-.57-.38-1.28-.08-1.87l3.85-7.69c.47-.95 1.63-1.33 2.58-.86.95.47 1.33 1.63.86 2.58l-2.45 4.91h4.58c.67 0 1.29.35 1.64.91.35.57.38 1.28.08 1.87l-3.85 7.69c-.47.95-1.63 1.33-2.58.86a1.926 1.926 0 0 1-.86-2.58l2.45-4.91ZM15.63 19.23l1.03-7.69H7.84l-3.08 7.69h10.86Zm4.91-7.69-1.03 7.69H30.5l-1.03-7.69h-8.94Zm21.63 0h-8.81l1.03 7.69h10.86l-3.08-7.69ZM10.92 3.85 9.38 7.7h7.78l.51-3.85h-6.76Zm10.64 0-.51 3.85h7.91l-.51-3.85h-6.89Zm10.77 0 .51 3.85h7.78l-1.54-3.85h-6.76Z\"><\/path><\/svg>\t\t\t<\/p>\n<h3>Energy Managment<\/h3>\n<p>Amet justo donec enim diam vulputate. Nullam vehicula ipsum a arcu cursus euismod lacinia at quis vulputate.<\/p>\n<p><a href=\"#\">Learn more<\/a><\/p>\n<p>\t\t\t<svg xmlns=\"http:\/\/www.w3.org\/2000\/svg\" viewBox=\"0 0 40 33.85\"><path fill-rule=\"evenodd\" d=\"M18.46 24.62H1.54c-.85 0-1.54-.69-1.54-1.54V1.54C0 .69.69 0 1.54 0h36.92C39.31 0 40 .69 40 1.54v21.54c0 .85-.69 1.54-1.54 1.54H21.54v3.41l11.14 2.79c.82.21 1.33 1.04 1.12 1.87-.21.82-1.04 1.33-1.87 1.12L20 30.83 8.07 33.81c-.82.21-1.66-.3-1.87-1.12-.21-.82.3-1.66 1.12-1.87l11.14-2.79v-3.41ZM3.08 3.08v18.46h33.85V3.08H3.08Z\"><\/path><\/svg>\t\t\t<\/p>\n<h3>Multimedia<\/h3>\n<p>Aliquam id diam maecenas ultricies mi eget mauris non curabitur gravida arcu ac tortor dignissim convallis.<\/p>\n<p><a href=\"#\">Learn more<\/a><\/p>\n<p>\t\t\t<svg xmlns=\"http:\/\/www.w3.org\/2000\/svg\" viewBox=\"0 0 33.94 40\"><path fill-rule=\"evenodd\" d=\"M3.09 16.86v-1.33c0-.44.19-.86.52-1.16 2.53-2.23 9.01-7.96 12.34-10.9.58-.52 1.46-.52 2.04 0 3.33 2.94 9.81 8.67 12.34 10.9.33.29.52.71.52 1.16v19.84c0 .85-.69 1.54-1.54 1.54h-6.17a1.54 1.54 0 0 0 0 3.08h6.17c2.56 0 4.63-2.07 4.63-4.63V15.53c0-1.33-.57-2.59-1.56-3.47-2.53-2.23-9.01-7.96-12.34-10.9a4.622 4.622 0 0 0-6.13 0C10.57 4.1 4.09 9.83 1.56 12.06A4.64 4.64 0 0 0 0 15.53v1.33c0 2.31 3.09 2.31 3.09 0Zm0 7.71v-1.54c0-2.56 2.07-4.63 4.63-4.63s4.63 2.07 4.63 4.63v1.54c1.7 0 3.09 1.38 3.09 3.09v9.26c0 1.7-1.38 3.08-3.09 3.08H3.09A3.09 3.09 0 0 1 0 36.92v-9.26c0-1.7 1.38-3.09 3.09-3.09Zm9.26 3.09H3.09v9.26h9.26v-9.26Zm-3.09-3.09v-1.54a1.54 1.54 0 0 0-3.08 0v1.54h3.08Z\"><\/path><\/svg>\t\t\t<\/p>\n<h3>Security System<\/h3>\n<p>Aliquam vestibulum morbi blandit cursus risus at ultrices tellus in hac habitasse platea dictumst faucibus tincidunt.<\/p>\n<p><a href=\"#\">Learn more<\/a><\/p>\n<p>\t\t\t<svg xmlns=\"http:\/\/www.w3.org\/2000\/svg\" viewBox=\"0 0 40 36.92\"><path fill-rule=\"evenodd\" d=\"M18.46 26.15v9.23a1.54 1.54 0 0 0 3.08 0v-9.23a1.54 1.54 0 0 0-3.08 0ZM40 32.3c0-2.16-3.08-2.16-3.08 0a1.54 1.54 0 0 1-3.08 0v-6.15a1.54 1.54 0 0 0-3.08 0v6.15c0 2.55 2.07 4.62 4.62 4.62S40 34.85 40 32.3ZM4.62 33.84c.85 0 1.54-.69 1.54-1.54v-6.15a1.54 1.54 0 0 1 3.08 0v6.15c0 2.55-2.07 4.62-4.62 4.62S0 34.84 0 32.3c0-2.16 3.08-2.16 3.08 0 0 .85.69 1.54 1.54 1.54Zm7.69-7.69v6.15a1.54 1.54 0 0 0 3.08 0v-6.15a1.54 1.54 0 0 0-3.08 0Zm12.31 0v6.15a1.54 1.54 0 0 0 3.08 0v-6.15a1.54 1.54 0 0 0-3.08 0ZM7.7 18.46H4.62c-.85 0-1.54-.69-1.54-1.54V4.62a1.536 1.536 0 0 1 1.54-1.54h30.77a1.536 1.536 0 0 1 1.54 1.54v12.31c0 .85-.69 1.54-1.54 1.54H13.85a1.54 1.54 0 0 0 0 3.08h21.54c2.55 0 4.62-2.07 4.62-4.62V4.62c0-1.22-.49-2.4-1.35-3.26A4.601 4.601 0 0 0 35.4.01H4.62C3.4.01 2.22.5 1.36 1.36.49 2.23.01 3.4.01 4.62v12.31c0 2.55 2.07 4.62 4.62 4.62h3.08a1.54 1.54 0 0 0 0-3.08Zm24.62-6.15a1.54 1.54 0 1 1-.001 3.081 1.54 1.54 0 0 1 .001-3.081ZM7.7 15.39h18.46a1.54 1.54 0 0 0 0-3.08H7.69a1.54 1.54 0 0 0 0 3.08Z\"><\/path><\/svg>\t\t\t<\/p>\n<h3>Climate Control<\/h3>\n<p>Sodales neque sodales ut etiam sit nunc vel risus commodo viverra maecenas sem integer vitae justo eget magna.<\/p>\n<p><a href=\"#\">Learn more<\/a><\/p>\n<p>\t\t\t<svg xmlns=\"http:\/\/www.w3.org\/2000\/svg\" viewBox=\"0 0 45.86 50\"><path fill-rule=\"evenodd\" d=\"M34.27 45.12c4.6-2 6.75-6.66 7.47-11.73.67-4.78.13-9.96-.97-13.96-.81 1.33-1.89 2.39-3.08 3.27-.56.42-1.31.5-1.95.2a1.92 1.92 0 0 1-1.12-1.61c-.42-5.74-2.17-11.19-5.79-16.24-3.32 4.62-5.15 10.09-5.77 16.29-.07.71-.53 1.32-1.19 1.59-.66.27-1.41.15-1.96-.3-1.49-1.24-2.68-2.47-3.47-4.03-.48.53-1.23.77-1.96.55a1.918 1.918 0 0 1-1.31-2.38c.48-1.65 1.87-3.1 2.4-4.17.4-.8 1.29-1.22 2.16-1.01.87.21 1.48.98 1.48 1.87 0 1.32.23 2.36.63 3.23 1.2-6.1 3.64-11.48 7.52-16.02.39-.43.93-.67 1.5-.67s1.1.26 1.47.7c4.1 4.95 6.48 10.28 7.55 15.88.37-.87.58-1.89.58-3.12 0-.86.57-1.61 1.39-1.85s1.71.1 2.16.83c2.57 4.09 4.68 13.29 3.53 21.48C44.32 42.55 39.63 50 28.85 50c-2.2 0-2.9-2.24-1.1-3.5 1.8-1.26 2.96-2.59 3.53-4.05.65-1.66.51-3.46-.12-5.38-.73-2.23-2.11-4.6-3.88-7.11a1.924 1.924 0 0 1 3.15-2.21c3.59 5.1 5.6 9.78 5.03 13.86-.17 1.21-.55 2.38-1.18 3.52ZM13.46 23.08C6.03 23.08 0 29.11 0 36.54S6.03 50 13.46 50s13.46-6.03 13.46-13.46-6.03-13.46-13.46-13.46Zm0 3.85c5.31 0 9.62 4.31 9.62 9.62s-4.31 9.62-9.62 9.62-9.62-4.31-9.62-9.62 4.31-9.62 9.62-9.62Zm0 13.46a1.92 1.92 0 1 1-.001 3.841 1.92 1.92 0 0 1 .001-3.841Zm-1.92-9.58v5.73a1.92 1.92 0 0 0 3.84 0v-5.73a1.92 1.92 0 0 0-3.84 0Z\"><\/path><\/svg>\t\t\t<\/p>\n<h3>Alarm System<\/h3>\n<p>Vestibulum lorem sed risus ultricies tristique nulla aliquet enim tortor acus suspendisse faucibus interdum posuere.<\/p>\n<p><a href=\"#\">Learn more<\/a><\/p>\n<p>Smart Solutions<\/p>\n<h2>Smart solutions for every area of life<\/h2>\n<h2>Tabak Tasar\u0131m\u0131<\/h2>\n<p>\t\t\t\t\t<a href=\"http:\/\/loiart.com.tr\/index.php\/deneme-2\/\"><br \/>\n\t\t\t\t\t\t\t\t\t\u015ea\u015f\u0131rt beni!<br \/>\n\t\t\t\t\t<\/a><\/p>\n<h2>Protection from fire and water damage<\/h2>\n<p>\t\t\t\t\t<a href=\"http:\/\/loiart.com.tr\/index.php\/deneme-2\/\"><br \/>\n\t\t\t\t\t\t\t\t\tLearn More<br \/>\n\t\t\t\t\t<\/a><\/p>\n<h2>Smart Home alarm system<\/h2>\n<p>\t\t\t\t\t<a href=\"#\"><br \/>\n\t\t\t\t\t\t\t\t\tLearn More<br \/>\n\t\t\t\t\t<\/a><\/p>\n<h2>Smart Home break-in protection<\/h2>\n<p>\t\t\t\t\t<a href=\"#\"><br \/>\n\t\t\t\t\t\t\t\t\tLearn More<br \/>\n\t\t\t\t\t<\/a><\/p>\n<h2>Smart Home heating control<\/h2>\n<p>\t\t\t\t\t<a href=\"#\"><br \/>\n\t\t\t\t\t\t\t\t\tLearn More<br \/>\n\t\t\t\t\t<\/a><br \/>\n\t\t\t\t\t\t\t\t\t\t\t\t\t\t\t<img fetchpriority=\"high\" decoding=\"async\" width=\"975\" height=\"900\" src=\"http:\/\/loiart.com.tr\/wp-content\/uploads\/2023\/12\/services-page-steps-section-image.webp\" alt=\"\" srcset=\"http:\/\/loiart.com.tr\/wp-content\/uploads\/2023\/12\/services-page-steps-section-image.webp 975w, http:\/\/loiart.com.tr\/wp-content\/uploads\/2023\/12\/services-page-steps-section-image-300x277.webp 300w, http:\/\/loiart.com.tr\/wp-content\/uploads\/2023\/12\/services-page-steps-section-image-768x709.webp 768w\" sizes=\"(max-width: 975px) 100vw, 975px\" \/>\t\t\t\t\t\t\t\t\t\t\t\t\t\t\t<\/p>\n<p>Smart Steps<\/p>\n<h2>Simple steps for your own smart home<\/h2>\n<p>Condimentum ullamcorper pellentesque nullam tellus dis lorem nibh dictum. Amet vel cursus consequat iaculis ipsumut.<\/p>\n<p>01<\/p>\n<h3>Consultation<\/h3>\n<p>Amet ullamcorper cursus consequat<br \/>iaculis nullam ipsumut.<\/p>\n<p>02<\/p>\n<h3>Design &amp; Engineering<\/h3>\n<p>Quis viverra nibh cras pulvinar mattis nunc sed blandit interdum.<\/p>\n<p>03<\/p>\n<h3>Equipment Installation<\/h3>\n<p>Ornare aenean euismod elementum nisi eleifend quam adipiscing.<\/p>\n<p>04<\/p>\n<h3>Training &amp; Support<\/h3>\n<p>Mauris pellentesque pulvinar habitant morbi tristique commodo.<\/p>\n<p>Pricing<\/p>\n<h2>Explore our Smart Home packages<\/h2>\n<p>\t\t\t\t<svg aria-hidden=\"true\" viewBox=\"0 0 512 512\" xmlns=\"http:\/\/www.w3.org\/2000\/svg\"><path d=\"M173.898 439.404l-166.4-166.4c-9.997-9.997-9.997-26.206 0-36.204l36.203-36.204c9.997-9.998 26.207-9.998 36.204 0L192 312.69 432.095 72.596c9.997-9.997 26.207-9.997 36.204 0l36.203 36.204c9.997 9.997 9.997 26.206 0 36.204l-294.4 294.401c-9.998 9.997-26.207 9.997-36.204-.001z\"><\/path><\/svg>\t\t\t\t<\/p>\n<h3>\n\t\t\t\t\t\t\tHome automation<br \/>\n\t\t\t\t\t<\/h3>\n<p>\n\t\t\t\t\t\tFames ac turpis egestas integer eget aliquet dignissim diam quis enim.\t\t\t\t\t<\/p>\n<p>\t\t\t\t<svg aria-hidden=\"true\" viewBox=\"0 0 512 512\" xmlns=\"http:\/\/www.w3.org\/2000\/svg\"><path d=\"M173.898 439.404l-166.4-166.4c-9.997-9.997-9.997-26.206 0-36.204l36.203-36.204c9.997-9.998 26.207-9.998 36.204 0L192 312.69 432.095 72.596c9.997-9.997 26.207-9.997 36.204 0l36.203 36.204c9.997 9.997 9.997 26.206 0 36.204l-294.4 294.401c-9.998 9.997-26.207 9.997-36.204-.001z\"><\/path><\/svg>\t\t\t\t<\/p>\n<h3>\n\t\t\t\t\t\t\tFree consultation<br \/>\n\t\t\t\t\t<\/h3>\n<p>\n\t\t\t\t\t\tTurpis egestas pretium aenean pharetra magna scelerisque.\t\t\t\t\t<\/p>\n<p>\t\t\t\t<svg aria-hidden=\"true\" viewBox=\"0 0 512 512\" xmlns=\"http:\/\/www.w3.org\/2000\/svg\"><path d=\"M173.898 439.404l-166.4-166.4c-9.997-9.997-9.997-26.206 0-36.204l36.203-36.204c9.997-9.998 26.207-9.998 36.204 0L192 312.69 432.095 72.596c9.997-9.997 26.207-9.997 36.204 0l36.203 36.204c9.997 9.997 9.997 26.206 0 36.204l-294.4 294.401c-9.998 9.997-26.207 9.997-36.204-.001z\"><\/path><\/svg>\t\t\t\t<\/p>\n<h3>\n\t\t\t\t\t\t\tSmart Home app<br \/>\n\t\t\t\t\t<\/h3>\n<p>\n\t\t\t\t\t\tUllamcorper morbi tincidunt ornare massa eget pretium aenean.\t\t\t\t\t<\/p>\n<p>\t\t\t\t<svg aria-hidden=\"true\" viewBox=\"0 0 512 512\" xmlns=\"http:\/\/www.w3.org\/2000\/svg\"><path d=\"M173.898 439.404l-166.4-166.4c-9.997-9.997-9.997-26.206 0-36.204l36.203-36.204c9.997-9.998 26.207-9.998 36.204 0L192 312.69 432.095 72.596c9.997-9.997 26.207-9.997 36.204 0l36.203 36.204c9.997 9.997 9.997 26.206 0 36.204l-294.4 294.401c-9.998 9.997-26.207 9.997-36.204-.001z\"><\/path><\/svg>\t\t\t\t<\/p>\n<h3>\n\t\t\t\t\t\t\tTraining and support<br \/>\n\t\t\t\t\t<\/h3>\n<p>\n\t\t\t\t\t\tConsectetur libero id faucibus nisl tincidunt blandit cursus.\t\t\t\t\t<\/p>\n<p>\t\t\t<svg xmlns=\"http:\/\/www.w3.org\/2000\/svg\" viewBox=\"0 0 40 37.15\"><path d=\"M31.43 30.01v-14.2l-10.9-6.86a.897.897 0 0 0-.97 0l-5.94 3.77c-.67.42-1.56.22-1.98-.45-.42-.67-.22-1.56.45-1.98l5.94-3.76c1.23-.78 2.8-.78 4.03 0l13.62 8.57c.3.19.68.19.97 0 .15-.09.27-.21.36-.36.32-.52.16-1.19-.36-1.51L20.49 3a.897.897 0 0 0-.97 0L3.47 13.21c-.15.09-.27.21-.36.36-.32.52-.16 1.19.36 1.51.3.19.68.19.97 0l2.01-1.27c.66-.41 1.54-.22 1.96.44.21.34.27.76.16 1.14.01.11.01.22 0 .33V34.3h28.58a1.43 1.43 0 1 1 0 2.86H2.85a1.43 1.43 0 1 1 0-2.86h2.86V17.58c-1.14.67-2.54.68-3.69.03-.57-.32-1.05-.77-1.4-1.32a3.97 3.97 0 0 1 1.2-5.47L17.99.59c1.23-.78 2.8-.78 4.03 0l16.16 10.23a3.957 3.957 0 0 1-.2 6.79c-.56.32-1.2.49-1.84.49-.65-.01-1.28-.19-1.84-.51v12.43a1.43 1.43 0 1 1-2.86 0Zm-12.86-2.86a1.43 1.43 0 1 0 2.86 0 1.43 1.43 0 0 0-2.86 0Zm5.14-1.71c.63-.47.76-1.37.29-2a4.997 4.997 0 0 0-7-1c-.38.28-.72.62-1 1-.47.63-.35 1.53.29 2a1.42 1.42 0 0 0 2-.28A2.34 2.34 0 0 1 20 24.3c.67.02 1.3.34 1.71.86.47.63 1.37.76 2 .29Zm2-2.57c.31 0 .61-.1.86-.29.63-.47.76-1.37.29-2A8.837 8.837 0 0 0 20 17.15c-2.69.04-5.22 1.3-6.86 3.43-.47.63-.35 1.53.29 2 .63.47 1.53.35 2-.29A6.013 6.013 0 0 1 20 20c1.79.04 3.47.88 4.57 2.29.27.36.69.57 1.14.57Z\"><\/path><\/svg>\t\t\t<\/p>\n<h3>Full Automation<\/h3>\n<p>$3.500<\/p>\n<ul>\n<li>\n\t\t\t\t\t\t\t<svg aria-hidden=\"true\" viewBox=\"0 0 512 512\" xmlns=\"http:\/\/www.w3.org\/2000\/svg\"><path d=\"M173.898 439.404l-166.4-166.4c-9.997-9.997-9.997-26.206 0-36.204l36.203-36.204c9.997-9.998 26.207-9.998 36.204 0L192 312.69 432.095 72.596c9.997-9.997 26.207-9.997 36.204 0l36.203 36.204c9.997 9.997 9.997 26.206 0 36.204l-294.4 294.401c-9.998 9.997-26.207 9.997-36.204-.001z\"><\/path><\/svg><br \/>\n\t\t\t\t\t\t\t\t\t\tVoice Control\n\t\t\t\t\t\t\t\t\t<\/li>\n<li>\n\t\t\t\t\t\t\t<svg aria-hidden=\"true\" viewBox=\"0 0 512 512\" xmlns=\"http:\/\/www.w3.org\/2000\/svg\"><path d=\"M173.898 439.404l-166.4-166.4c-9.997-9.997-9.997-26.206 0-36.204l36.203-36.204c9.997-9.998 26.207-9.998 36.204 0L192 312.69 432.095 72.596c9.997-9.997 26.207-9.997 36.204 0l36.203 36.204c9.997 9.997 9.997 26.206 0 36.204l-294.4 294.401c-9.998 9.997-26.207 9.997-36.204-.001z\"><\/path><\/svg><br \/>\n\t\t\t\t\t\t\t\t\t\tAlarm system\n\t\t\t\t\t\t\t\t\t<\/li>\n<li>\n\t\t\t\t\t\t\t<svg aria-hidden=\"true\" viewBox=\"0 0 512 512\" xmlns=\"http:\/\/www.w3.org\/2000\/svg\"><path d=\"M173.898 439.404l-166.4-166.4c-9.997-9.997-9.997-26.206 0-36.204l36.203-36.204c9.997-9.998 26.207-9.998 36.204 0L192 312.69 432.095 72.596c9.997-9.997 26.207-9.997 36.204 0l36.203 36.204c9.997 9.997 9.997 26.206 0 36.204l-294.4 294.401c-9.998 9.997-26.207 9.997-36.204-.001z\"><\/path><\/svg><br \/>\n\t\t\t\t\t\t\t\t\t\tSecurity system\n\t\t\t\t\t\t\t\t\t<\/li>\n<li>\n\t\t\t\t\t\t\t<svg aria-hidden=\"true\" viewBox=\"0 0 512 512\" xmlns=\"http:\/\/www.w3.org\/2000\/svg\"><path d=\"M173.898 439.404l-166.4-166.4c-9.997-9.997-9.997-26.206 0-36.204l36.203-36.204c9.997-9.998 26.207-9.998 36.204 0L192 312.69 432.095 72.596c9.997-9.997 26.207-9.997 36.204 0l36.203 36.204c9.997 9.997 9.997 26.206 0 36.204l-294.4 294.401c-9.998 9.997-26.207 9.997-36.204-.001z\"><\/path><\/svg><br \/>\n\t\t\t\t\t\t\t\t\t\tEnergy managment\n\t\t\t\t\t\t\t\t\t<\/li>\n<li>\n\t\t\t\t\t\t\t<svg aria-hidden=\"true\" viewBox=\"0 0 512 512\" xmlns=\"http:\/\/www.w3.org\/2000\/svg\"><path d=\"M173.898 439.404l-166.4-166.4c-9.997-9.997-9.997-26.206 0-36.204l36.203-36.204c9.997-9.998 26.207-9.998 36.204 0L192 312.69 432.095 72.596c9.997-9.997 26.207-9.997 36.204 0l36.203 36.204c9.997 9.997 9.997 26.206 0 36.204l-294.4 294.401c-9.998 9.997-26.207 9.997-36.204-.001z\"><\/path><\/svg><br \/>\n\t\t\t\t\t\t\t\t\t\tBreak-in protection\n\t\t\t\t\t\t\t\t\t<\/li>\n<\/ul>\n<p>\t\t\t\t\t<a href=\"#\"><br \/>\n\t\t\t\t\t\t\t\t\tOrder Now<br \/>\n\t\t\t\t\t<\/a><br \/>\n\t\t\t<svg xmlns=\"http:\/\/www.w3.org\/2000\/svg\" viewBox=\"0 0 40 37.15\"><path d=\"M31.43 30.01v-14.2l-10.9-6.86a.897.897 0 0 0-.97 0l-5.94 3.77c-.67.42-1.56.22-1.98-.45-.42-.67-.22-1.56.45-1.98l5.94-3.76c1.23-.78 2.8-.78 4.03 0l13.62 8.57c.3.19.68.19.97 0 .15-.09.27-.21.36-.36.32-.52.16-1.19-.36-1.51L20.49 3a.897.897 0 0 0-.97 0L3.47 13.21c-.15.09-.27.21-.36.36-.32.52-.16 1.19.36 1.51.3.19.68.19.97 0l2.01-1.27c.66-.41 1.54-.22 1.96.44.21.34.27.76.16 1.14.01.11.01.22 0 .33V34.3h28.58a1.43 1.43 0 1 1 0 2.86H2.85a1.43 1.43 0 1 1 0-2.86h2.86V17.58c-1.14.67-2.54.68-3.69.03-.57-.32-1.05-.77-1.4-1.32a3.97 3.97 0 0 1 1.2-5.47L17.99.59c1.23-.78 2.8-.78 4.03 0l16.16 10.23a3.957 3.957 0 0 1-.2 6.79c-.56.32-1.2.49-1.84.49-.65-.01-1.28-.19-1.84-.51v12.43a1.43 1.43 0 1 1-2.86 0Zm-12.86-2.86a1.43 1.43 0 1 0 2.86 0 1.43 1.43 0 0 0-2.86 0Zm5.14-1.71c.63-.47.76-1.37.29-2a4.997 4.997 0 0 0-7-1c-.38.28-.72.62-1 1-.47.63-.35 1.53.29 2a1.42 1.42 0 0 0 2-.28A2.34 2.34 0 0 1 20 24.3c.67.02 1.3.34 1.71.86.47.63 1.37.76 2 .29Zm2-2.57c.31 0 .61-.1.86-.29.63-.47.76-1.37.29-2A8.837 8.837 0 0 0 20 17.15c-2.69.04-5.22 1.3-6.86 3.43-.47.63-.35 1.53.29 2 .63.47 1.53.35 2-.29A6.013 6.013 0 0 1 20 20c1.79.04 3.47.88 4.57 2.29.27.36.69.57 1.14.57Z\"><\/path><\/svg>\t\t\t<\/p>\n<h3>Energy Managment<\/h3>\n<p>$1.800<\/p>\n<ul>\n<li>\n\t\t\t\t\t\t\t<svg aria-hidden=\"true\" viewBox=\"0 0 512 512\" xmlns=\"http:\/\/www.w3.org\/2000\/svg\"><path d=\"M173.898 439.404l-166.4-166.4c-9.997-9.997-9.997-26.206 0-36.204l36.203-36.204c9.997-9.998 26.207-9.998 36.204 0L192 312.69 432.095 72.596c9.997-9.997 26.207-9.997 36.204 0l36.203 36.204c9.997 9.997 9.997 26.206 0 36.204l-294.4 294.401c-9.998 9.997-26.207 9.997-36.204-.001z\"><\/path><\/svg><br \/>\n\t\t\t\t\t\t\t\t\t\tClimate control\n\t\t\t\t\t\t\t\t\t<\/li>\n<li>\n\t\t\t\t\t\t\t<svg aria-hidden=\"true\" viewBox=\"0 0 512 512\" xmlns=\"http:\/\/www.w3.org\/2000\/svg\"><path d=\"M173.898 439.404l-166.4-166.4c-9.997-9.997-9.997-26.206 0-36.204l36.203-36.204c9.997-9.998 26.207-9.998 36.204 0L192 312.69 432.095 72.596c9.997-9.997 26.207-9.997 36.204 0l36.203 36.204c9.997 9.997 9.997 26.206 0 36.204l-294.4 294.401c-9.998 9.997-26.207 9.997-36.204-.001z\"><\/path><\/svg><br \/>\n\t\t\t\t\t\t\t\t\t\tHeating control\n\t\t\t\t\t\t\t\t\t<\/li>\n<li>\n\t\t\t\t\t\t\t<svg aria-hidden=\"true\" viewBox=\"0 0 512 512\" xmlns=\"http:\/\/www.w3.org\/2000\/svg\"><path d=\"M173.898 439.404l-166.4-166.4c-9.997-9.997-9.997-26.206 0-36.204l36.203-36.204c9.997-9.998 26.207-9.998 36.204 0L192 312.69 432.095 72.596c9.997-9.997 26.207-9.997 36.204 0l36.203 36.204c9.997 9.997 9.997 26.206 0 36.204l-294.4 294.401c-9.998 9.997-26.207 9.997-36.204-.001z\"><\/path><\/svg><br \/>\n\t\t\t\t\t\t\t\t\t\tLightening solutions\n\t\t\t\t\t\t\t\t\t<\/li>\n<li>\n\t\t\t\t\t\t\t<svg aria-hidden=\"true\" viewBox=\"0 0 512 512\" xmlns=\"http:\/\/www.w3.org\/2000\/svg\"><path d=\"M173.898 439.404l-166.4-166.4c-9.997-9.997-9.997-26.206 0-36.204l36.203-36.204c9.997-9.998 26.207-9.998 36.204 0L192 312.69 432.095 72.596c9.997-9.997 26.207-9.997 36.204 0l36.203 36.204c9.997 9.997 9.997 26.206 0 36.204l-294.4 294.401c-9.998 9.997-26.207 9.997-36.204-.001z\"><\/path><\/svg><br \/>\n\t\t\t\t\t\t\t\t\t\tTraining and support\n\t\t\t\t\t\t\t\t\t<\/li>\n<li>\n\t\t\t\t\t\t\t<svg aria-hidden=\"true\" viewBox=\"0 0 512 512\" xmlns=\"http:\/\/www.w3.org\/2000\/svg\"><path d=\"M173.898 439.404l-166.4-166.4c-9.997-9.997-9.997-26.206 0-36.204l36.203-36.204c9.997-9.998 26.207-9.998 36.204 0L192 312.69 432.095 72.596c9.997-9.997 26.207-9.997 36.204 0l36.203 36.204c9.997 9.997 9.997 26.206 0 36.204l-294.4 294.401c-9.998 9.997-26.207 9.997-36.204-.001z\"><\/path><\/svg><br \/>\n\t\t\t\t\t\t\t\t\t\tBreak-in protection\n\t\t\t\t\t\t\t\t\t<\/li>\n<\/ul>\n<p>\t\t\t\t\t<a href=\"#\"><br \/>\n\t\t\t\t\t\t\t\t\tOrder Now<br \/>\n\t\t\t\t\t<\/a><\/p>\n<p>Smart Benefits<\/p>\n<h2>Benefits of smart homes for modern living future<\/h2>\n<p>\t\t\t<a href=\"https:\/\/www.youtube.com\/watch?v=x7QhNZAP83k&#038;t=2s\" target=\"_blank\"><br \/>\n\t\t\t<svg xmlns=\"http:\/\/www.w3.org\/2000\/svg\" xml:space=\"preserve\" style=\"enable-background:new 0 0 40 40\" viewBox=\"0 0 40 40\"><path d=\"M20 0C9 0 0 9 0 20s9 20 20 20 20-9 20-20S31 0 20 0zm-4.2 27.5V13.3l10.8 7.1-10.8 7.1z\"><\/path><\/svg>\t\t\t<\/a><\/p>\n","protected":false},"excerpt":{"rendered":"<p>Features Our Services Check out the full range of Smart Home features Condimentum ullamcorper pellentesque nullam tellus dis lorem nibh dictum. Amet vel cursus consequat iaculis ipsumut. Find Out More Heating Control Tempus condimentum ullamcorper pellentesque nullam tellus dis lorem dictum consequat dignissim. Learn more Energy Managment Amet justo donec enim diam vulputate. Nullam vehicula [&hellip;]<\/p>\n","protected":false},"author":1,"featured_media":0,"parent":0,"menu_order":0,"comment_status":"closed","ping_status":"closed","template":"","meta":{"footnotes":""},"class_list":["post-842","page","type-page","status-publish","hentry"],"blocksy_meta":{"has_hero_section":"disabled","vertical_spacing_source":"custom","content_area_spacing":"none","styles_descriptor":{"styles":{"desktop":"","tablet":"","mobile":""},"google_fonts":[],"version":6}},"_links":{"self":[{"href":"https:\/\/loiart.com.tr\/index.php\/wp-json\/wp\/v2\/pages\/842","targetHints":{"allow":["GET"]}}],"collection":[{"href":"https:\/\/loiart.com.tr\/index.php\/wp-json\/wp\/v2\/pages"}],"about":[{"href":"https:\/\/loiart.com.tr\/index.php\/wp-json\/wp\/v2\/types\/page"}],"author":[{"embeddable":true,"href":"https:\/\/loiart.com.tr\/index.php\/wp-json\/wp\/v2\/users\/1"}],"replies":[{"embeddable":true,"href":"https:\/\/loiart.com.tr\/index.php\/wp-json\/wp\/v2\/comments?post=842"}],"version-history":[{"count":18,"href":"https:\/\/loiart.com.tr\/index.php\/wp-json\/wp\/v2\/pages\/842\/revisions"}],"predecessor-version":[{"id":976,"href":"https:\/\/loiart.com.tr\/index.php\/wp-json\/wp\/v2\/pages\/842\/revisions\/976"}],"wp:attachment":[{"href":"https:\/\/loiart.com.tr\/index.php\/wp-json\/wp\/v2\/media?parent=842"}],"curies":[{"name":"wp","href":"https:\/\/api.w.org\/{rel}","templated":true}]}}