{"id":840,"date":"2025-01-08T10:41:30","date_gmt":"2025-01-08T10:41:30","guid":{"rendered":"https:\/\/startersites.io\/elementor\/smart-home\/?page_id=840"},"modified":"2025-09-08T11:59:38","modified_gmt":"2025-09-08T11:59:38","slug":"about","status":"publish","type":"page","link":"https:\/\/loiart.com.tr\/index.php\/about\/","title":{"rendered":"About"},"content":{"rendered":"\t\t<div data-elementor-type=\"wp-page\" data-elementor-id=\"840\" class=\"elementor elementor-840\">\n\t\t\t\t<div class=\"elementor-element elementor-element-0c7ac84 e-flex e-con-boxed e-con e-parent\" data-id=\"0c7ac84\" data-element_type=\"container\" data-e-type=\"container\" data-settings=\"{&quot;background_background&quot;:&quot;classic&quot;}\">\n\t\t\t\t\t<div class=\"e-con-inner\">\n\t\t\t\t\t<\/div>\n\t\t\t\t<\/div>\n\t\t<div class=\"elementor-element elementor-element-04885fe e-grid e-con-boxed e-con e-parent\" data-id=\"04885fe\" data-element_type=\"container\" data-e-type=\"container\">\n\t\t\t\t\t<div class=\"e-con-inner\">\n\t\t<div class=\"elementor-element elementor-element-b17cd97 e-flex e-con-boxed e-con e-child\" data-id=\"b17cd97\" data-element_type=\"container\" data-e-type=\"container\">\n\t\t\t\t\t<div class=\"e-con-inner\">\n\t\t\t\t<div class=\"elementor-element elementor-element-935f8fe elementor-widget elementor-widget-text-editor\" data-id=\"935f8fe\" data-element_type=\"widget\" data-e-type=\"widget\" data-widget_type=\"text-editor.default\">\n\t\t\t\t<div class=\"elementor-widget-container\">\n\t\t\t\t\t\t\t\t\t<p>Hakk\u0131m\u0131zda<\/p>\t\t\t\t\t\t\t\t<\/div>\n\t\t\t\t<\/div>\n\t\t\t\t<div class=\"elementor-element elementor-element-baf3e5a elementor-widget elementor-widget-text-editor\" data-id=\"baf3e5a\" data-element_type=\"widget\" data-e-type=\"widget\" data-widget_type=\"text-editor.default\">\n\t\t\t\t<div class=\"elementor-widget-container\">\n\t\t\t\t\t\t\t\t\t<h3><i>LoiArt,<\/i> yarat\u0131c\u0131l\u0131\u011f\u0131 sadece i\u015f de\u011fil ya\u015fam bi\u00e7imi olarak g\u00f6ren yarat\u0131c\u0131 bir ajanst\u0131r. <span style=\"font-variant-ligatures: inherit; font-variant-caps: inherit;\">G\u00f6rselle yaz\u0131n\u0131n, dijitalle duygunun, sanatla stratejinin bulu\u015ftu\u011fu yerdeyiz. <\/span><span style=\"font-variant-ligatures: inherit; font-variant-caps: inherit;\">Sosyal medya i\u00e7erikleri, dijital kampanyalar, marka kimli\u011fi ve \u00e7ok daha fazlas\u0131 i\u00e7in; \u00e7ok fikirli, biraz deli ama bol estetikli bir ekibiz. \u00c7\u00fcnk\u00fc fikir \u00f6zg\u00fcrle\u015fti\u011finde, tasar\u0131m konu\u015fmaya ba\u015flar.<\/span><\/h3>\t\t\t\t\t\t\t\t<\/div>\n\t\t\t\t<\/div>\n\t\t\t\t\t<\/div>\n\t\t\t\t<\/div>\n\t\t\t\t\t<\/div>\n\t\t\t\t<\/div>\n\t\t<div class=\"elementor-element elementor-element-a30a7a4 e-flex e-con-boxed e-con e-parent\" data-id=\"a30a7a4\" data-element_type=\"container\" data-e-type=\"container\">\n\t\t\t\t\t<div class=\"e-con-inner\">\n\t\t\t\t<div class=\"elementor-element elementor-element-caee59e elementor-widget elementor-widget-text-editor\" data-id=\"caee59e\" data-element_type=\"widget\" data-e-type=\"widget\" data-widget_type=\"text-editor.default\">\n\t\t\t\t<div class=\"elementor-widget-container\">\n\t\t\t\t\t\t\t\t\t<p>Biz Kimiz?<\/p>\t\t\t\t\t\t\t\t<\/div>\n\t\t\t\t<\/div>\n\t\t\t\t<div class=\"elementor-element elementor-element-b4c181d elementor-widget__width-initial elementor-widget elementor-widget-heading\" data-id=\"b4c181d\" data-element_type=\"widget\" data-e-type=\"widget\" data-widget_type=\"heading.default\">\n\t\t\t\t<div class=\"elementor-widget-container\">\n\t\t\t\t\t<h2 class=\"elementor-heading-title elementor-size-default\">Profesyonel Ekibimizle Tan\u0131\u015f\u0131n<\/h2>\t\t\t\t<\/div>\n\t\t\t\t<\/div>\n\t\t\t\t\t<\/div>\n\t\t\t\t<\/div>\n\t\t<div class=\"elementor-element elementor-element-fb8fdf9 e-flex e-con-boxed e-con e-parent\" data-id=\"fb8fdf9\" data-element_type=\"container\" data-e-type=\"container\">\n\t\t\t\t\t<div class=\"e-con-inner\">\n\t\t<div class=\"elementor-element elementor-element-21e64bc e-con-full e-flex e-con e-child\" data-id=\"21e64bc\" data-element_type=\"container\" data-e-type=\"container\">\n\t\t\t\t<div class=\"elementor-element elementor-element-5dbe2b9 elementor-widget elementor-widget-image\" data-id=\"5dbe2b9\" data-element_type=\"widget\" data-e-type=\"widget\" data-widget_type=\"image.default\">\n\t\t\t\t<div class=\"elementor-widget-container\">\n\t\t\t\t\t\t\t\t\t\t\t\t\t\t\t<img fetchpriority=\"high\" decoding=\"async\" width=\"768\" height=\"960\" src=\"https:\/\/loiart.com.tr\/wp-content\/uploads\/2025\/07\/Artboard-1-768x960.jpg\" class=\"attachment-medium_large size-medium_large wp-image-1021\" alt=\"\" srcset=\"https:\/\/loiart.com.tr\/wp-content\/uploads\/2025\/07\/Artboard-1-768x960.jpg 768w, https:\/\/loiart.com.tr\/wp-content\/uploads\/2025\/07\/Artboard-1-240x300.jpg 240w, https:\/\/loiart.com.tr\/wp-content\/uploads\/2025\/07\/Artboard-1-819x1024.jpg 819w, https:\/\/loiart.com.tr\/wp-content\/uploads\/2025\/07\/Artboard-1-1229x1536.jpg 1229w, https:\/\/loiart.com.tr\/wp-content\/uploads\/2025\/07\/Artboard-1-1638x2048.jpg 1638w, https:\/\/loiart.com.tr\/wp-content\/uploads\/2025\/07\/Artboard-1-scaled.jpg 2048w\" sizes=\"(max-width: 768px) 100vw, 768px\" \/>\t\t\t\t\t\t\t\t\t\t\t\t\t\t\t<\/div>\n\t\t\t\t<\/div>\n\t\t\t\t<div class=\"elementor-element elementor-element-89a6ef9 elementor-widget elementor-widget-heading\" data-id=\"89a6ef9\" data-element_type=\"widget\" data-e-type=\"widget\" data-widget_type=\"heading.default\">\n\t\t\t\t<div class=\"elementor-widget-container\">\n\t\t\t\t\t<h3 class=\"elementor-heading-title elementor-size-default\">Seda Nur \u00d6zkan<\/h3>\t\t\t\t<\/div>\n\t\t\t\t<\/div>\n\t\t\t\t<div class=\"elementor-element elementor-element-52a6873 elementor-widget elementor-widget-text-editor\" data-id=\"52a6873\" data-element_type=\"widget\" data-e-type=\"widget\" data-widget_type=\"text-editor.default\">\n\t\t\t\t<div class=\"elementor-widget-container\">\n\t\t\t\t\t\t\t\t\t<p><b><i>ART DIRECTOR \/ FOUNDER<\/i><\/b><\/p>\t\t\t\t\t\t\t\t<\/div>\n\t\t\t\t<\/div>\n\t\t\t\t<div class=\"elementor-element elementor-element-847f6f0 elementor-widget elementor-widget-text-editor\" data-id=\"847f6f0\" data-element_type=\"widget\" data-e-type=\"widget\" data-widget_type=\"text-editor.default\">\n\t\t\t\t<div class=\"elementor-widget-container\">\n\t\t\t\t\t\t\t\t\t<p>Bir zamanlar\u0131n Pink Panter\u2019i evet, o pembe sa\u00e7lar \u015fimdi k\u0131rm\u0131z\u0131ya evrildi ama enerjisi h\u00e2l\u00e2 efsane! Foto\u011fraf \u00e7ekmeyi de \u00e7ekilmeyi de sever bizimki, siz bi de tasar\u0131mda g\u00f6r\u00fcn. Bi dk ya i\u015fler teknik aksakl\u0131\u011fa m\u0131 u\u011frad\u0131? Endi\u015feye mahal yok. Seda varsa \u00e7\u00f6z\u00fcm de var! \u00dcstelik yapay zek\u00e2 d\u00fcnyas\u0131nda da s\u0131n\u0131r tan\u0131m\u0131yor. Adeta dijital bir sihirbaz!<\/p>\t\t\t\t\t\t\t\t<\/div>\n\t\t\t\t<\/div>\n\t\t\t\t<\/div>\n\t\t<div class=\"elementor-element elementor-element-b476d94 e-con-full e-flex e-con e-child\" data-id=\"b476d94\" data-element_type=\"container\" data-e-type=\"container\">\n\t\t\t\t<div class=\"elementor-element elementor-element-50f5508 elementor-widget elementor-widget-image\" data-id=\"50f5508\" data-element_type=\"widget\" data-e-type=\"widget\" data-widget_type=\"image.default\">\n\t\t\t\t<div class=\"elementor-widget-container\">\n\t\t\t\t\t\t\t\t\t\t\t\t\t\t\t<img decoding=\"async\" width=\"768\" height=\"960\" src=\"https:\/\/loiart.com.tr\/wp-content\/uploads\/2025\/07\/Artboard-3-768x960.jpg\" class=\"attachment-medium_large size-medium_large wp-image-1022\" alt=\"\" srcset=\"https:\/\/loiart.com.tr\/wp-content\/uploads\/2025\/07\/Artboard-3-768x960.jpg 768w, https:\/\/loiart.com.tr\/wp-content\/uploads\/2025\/07\/Artboard-3-240x300.jpg 240w, https:\/\/loiart.com.tr\/wp-content\/uploads\/2025\/07\/Artboard-3-819x1024.jpg 819w, https:\/\/loiart.com.tr\/wp-content\/uploads\/2025\/07\/Artboard-3-1229x1536.jpg 1229w, https:\/\/loiart.com.tr\/wp-content\/uploads\/2025\/07\/Artboard-3-1638x2048.jpg 1638w, https:\/\/loiart.com.tr\/wp-content\/uploads\/2025\/07\/Artboard-3-scaled.jpg 2048w\" sizes=\"(max-width: 768px) 100vw, 768px\" \/>\t\t\t\t\t\t\t\t\t\t\t\t\t\t\t<\/div>\n\t\t\t\t<\/div>\n\t\t\t\t<div class=\"elementor-element elementor-element-4ae65b5 elementor-widget elementor-widget-heading\" data-id=\"4ae65b5\" data-element_type=\"widget\" data-e-type=\"widget\" data-widget_type=\"heading.default\">\n\t\t\t\t<div class=\"elementor-widget-container\">\n\t\t\t\t\t<h3 class=\"elementor-heading-title elementor-size-default\">Ceren Harova<\/h3>\t\t\t\t<\/div>\n\t\t\t\t<\/div>\n\t\t\t\t<div class=\"elementor-element elementor-element-d789379 elementor-widget elementor-widget-text-editor\" data-id=\"d789379\" data-element_type=\"widget\" data-e-type=\"widget\" data-widget_type=\"text-editor.default\">\n\t\t\t\t<div class=\"elementor-widget-container\">\n\t\t\t\t\t\t\t\t\t<p><b><i>ART DIRECTOR \/ FOUNDER<\/i><\/b><\/p>\t\t\t\t\t\t\t\t<\/div>\n\t\t\t\t<\/div>\n\t\t\t\t<div class=\"elementor-element elementor-element-d27de47 elementor-widget elementor-widget-text-editor\" data-id=\"d27de47\" data-element_type=\"widget\" data-e-type=\"widget\" data-widget_type=\"text-editor.default\">\n\t\t\t\t<div class=\"elementor-widget-container\">\n\t\t\t\t\t\t\t\t\t<p>Ajans\u0131n di\u011fer yarat\u0131c\u0131 ruhu Ceren Harova. Nam-\u0131 di\u011fer Cero\u2026 \u2018Ow Shit, Here We Go Again!\u2019 demeden g\u00fcne ba\u015flamaz. Oyun delisi, 3D animasyonlarda ustala\u015fm\u0131\u015f, ill\u00fcstrasyonlar\u0131 ise adeta duvara asmal\u0131k. Ama dikkat! Kendisi tam bir gizli kahraman \u2014 y\u00fcz\u00fcn\u00fc g\u00f6r\u00fcrsen \u015fansl\u0131s\u0131n demektir.<\/p>\t\t\t\t\t\t\t\t<\/div>\n\t\t\t\t<\/div>\n\t\t\t\t<\/div>\n\t\t<div class=\"elementor-element elementor-element-6c2929f e-con-full e-flex e-con e-child\" data-id=\"6c2929f\" data-element_type=\"container\" data-e-type=\"container\">\n\t\t\t\t<div class=\"elementor-element elementor-element-606e95e elementor-widget elementor-widget-image\" data-id=\"606e95e\" data-element_type=\"widget\" data-e-type=\"widget\" data-widget_type=\"image.default\">\n\t\t\t\t<div class=\"elementor-widget-container\">\n\t\t\t\t\t\t\t\t\t\t\t\t\t\t\t<img decoding=\"async\" width=\"768\" height=\"960\" src=\"https:\/\/loiart.com.tr\/wp-content\/uploads\/2025\/07\/Artboard-2-768x960.jpg\" class=\"attachment-medium_large size-medium_large wp-image-1023\" alt=\"\" srcset=\"https:\/\/loiart.com.tr\/wp-content\/uploads\/2025\/07\/Artboard-2-768x960.jpg 768w, https:\/\/loiart.com.tr\/wp-content\/uploads\/2025\/07\/Artboard-2-240x300.jpg 240w, https:\/\/loiart.com.tr\/wp-content\/uploads\/2025\/07\/Artboard-2-819x1024.jpg 819w, https:\/\/loiart.com.tr\/wp-content\/uploads\/2025\/07\/Artboard-2-1229x1536.jpg 1229w, https:\/\/loiart.com.tr\/wp-content\/uploads\/2025\/07\/Artboard-2-1638x2048.jpg 1638w, https:\/\/loiart.com.tr\/wp-content\/uploads\/2025\/07\/Artboard-2-scaled.jpg 2048w\" sizes=\"(max-width: 768px) 100vw, 768px\" \/>\t\t\t\t\t\t\t\t\t\t\t\t\t\t\t<\/div>\n\t\t\t\t<\/div>\n\t\t\t\t<div class=\"elementor-element elementor-element-dda1c3a elementor-widget elementor-widget-heading\" data-id=\"dda1c3a\" data-element_type=\"widget\" data-e-type=\"widget\" data-widget_type=\"heading.default\">\n\t\t\t\t<div class=\"elementor-widget-container\">\n\t\t\t\t\t<h3 class=\"elementor-heading-title elementor-size-default\">Beyza Peker Terzi<\/h3>\t\t\t\t<\/div>\n\t\t\t\t<\/div>\n\t\t\t\t<div class=\"elementor-element elementor-element-3b6aeb0 elementor-widget elementor-widget-text-editor\" data-id=\"3b6aeb0\" data-element_type=\"widget\" data-e-type=\"widget\" data-widget_type=\"text-editor.default\">\n\t\t\t\t<div class=\"elementor-widget-container\">\n\t\t\t\t\t\t\t\t\t<p><b><i>ART DIRECTOR \/ FOUNDER<\/i><\/b><\/p>\t\t\t\t\t\t\t\t<\/div>\n\t\t\t\t<\/div>\n\t\t\t\t<div class=\"elementor-element elementor-element-13f5591 elementor-widget elementor-widget-text-editor\" data-id=\"13f5591\" data-element_type=\"widget\" data-e-type=\"widget\" data-widget_type=\"text-editor.default\">\n\t\t\t\t<div class=\"elementor-widget-container\">\n\t\t\t\t\t\t\t\t\t<p>Beyzo\u015f \u00f6zellikle bas\u0131l\u0131 i\u015flerde tam bir usta; afi\u015ften katalo\u011fa, dergiden kurumsal kimli\u011fe kadar elinin de\u011fdi\u011fi her i\u015fte fark\u0131n\u0131 hissettiriyor. Yo\u011fun d\u00f6nemlerde e\u015finin s\u00fcper g\u00fc\u00e7lerini devreye sokmay\u0131 da seviyor! Kendisi bizim ajans\u0131n yarat\u0131c\u0131 beyniyken, e\u015fi de kod d\u00fcnyas\u0131n\u0131n sihirbaz\u0131\u2014web tasar\u0131mda eline su d\u00f6ken yok. Gerekti\u011finde kapal\u0131 gi\u015fe bir ikiliye d\u00f6n\u00fc\u015f\u00fcyorlar.<\/p>\t\t\t\t\t\t\t\t<\/div>\n\t\t\t\t<\/div>\n\t\t\t\t<\/div>\n\t\t\t\t\t<\/div>\n\t\t\t\t<\/div>\n\t\t<div class=\"elementor-element elementor-element-22113d6 e-flex e-con-boxed e-con e-parent\" data-id=\"22113d6\" data-element_type=\"container\" data-e-type=\"container\">\n\t\t\t\t\t<div class=\"e-con-inner\">\n\t\t<div class=\"elementor-element elementor-element-74c2a17 e-con-full e-flex e-con e-child\" data-id=\"74c2a17\" data-element_type=\"container\" data-e-type=\"container\" data-settings=\"{&quot;background_background&quot;:&quot;classic&quot;}\">\n\t\t\t\t<div class=\"elementor-element elementor-element-e38c3cf elementor-widget elementor-widget-heading\" data-id=\"e38c3cf\" data-element_type=\"widget\" data-e-type=\"widget\" data-widget_type=\"heading.default\">\n\t\t\t\t<div class=\"elementor-widget-container\">\n\t\t\t\t\t<h2 class=\"elementor-heading-title elementor-size-default\"><h4 style=\"--theme-font-size: 25px;--theme-line-height: 1.5;font-style: normal;font-weight: bold;font-size: 25px;line-height: 1.5;font-family: Onest, sans-serif;letter-spacing: normal;text-transform: none;text-decoration: none;margin-block-end: 17.5px\">Ve inan\u0131n, bu anlatt\u0131klar\u0131m\u0131z sadece fragman. Konumumuz s\u0131k s\u0131k de\u011fi\u015febilir, instagram sayfam\u0131zdan takipte kal\u0131n. Kim bilir, belki yolumuz kesi\u015fir, tan\u0131\u015f\u0131r\u0131z ve beraber harika i\u015flere imza atar\u0131z!<span><\/span><\/h4><\/h2>\t\t\t\t<\/div>\n\t\t\t\t<\/div>\n\t\t\t\t<\/div>\n\t\t\t\t\t<\/div>\n\t\t\t\t<\/div>\n\t\t<div class=\"elementor-element elementor-element-5b1e95d e-flex e-con-boxed e-con e-parent\" data-id=\"5b1e95d\" data-element_type=\"container\" data-e-type=\"container\">\n\t\t\t\t\t<div class=\"e-con-inner\">\n\t\t\t\t<div class=\"elementor-element elementor-element-e3c45ac elementor-widget elementor-widget-image\" data-id=\"e3c45ac\" data-element_type=\"widget\" data-e-type=\"widget\" data-widget_type=\"image.default\">\n\t\t\t\t<div class=\"elementor-widget-container\">\n\t\t\t\t\t\t\t\t\t\t\t\t\t\t\t<img loading=\"lazy\" decoding=\"async\" width=\"1696\" height=\"127\" src=\"https:\/\/loiart.com.tr\/wp-content\/uploads\/2025\/07\/beyond_innovations-1.png\" class=\"attachment-full size-full wp-image-1541\" alt=\"\" srcset=\"https:\/\/loiart.com.tr\/wp-content\/uploads\/2025\/07\/beyond_innovations-1.png 1696w, https:\/\/loiart.com.tr\/wp-content\/uploads\/2025\/07\/beyond_innovations-1-300x22.png 300w, https:\/\/loiart.com.tr\/wp-content\/uploads\/2025\/07\/beyond_innovations-1-1024x77.png 1024w, https:\/\/loiart.com.tr\/wp-content\/uploads\/2025\/07\/beyond_innovations-1-768x58.png 768w, https:\/\/loiart.com.tr\/wp-content\/uploads\/2025\/07\/beyond_innovations-1-1536x115.png 1536w\" sizes=\"(max-width: 1696px) 100vw, 1696px\" \/>\t\t\t\t\t\t\t\t\t\t\t\t\t\t\t<\/div>\n\t\t\t\t<\/div>\n\t\t\t\t\t<\/div>\n\t\t\t\t<\/div>\n\t\t\t\t<\/div>\n\t\t","protected":false},"excerpt":{"rendered":"<p>Hakk\u0131m\u0131zda LoiArt, yarat\u0131c\u0131l\u0131\u011f\u0131 sadece i\u015f de\u011fil ya\u015fam bi\u00e7imi olarak g\u00f6ren yarat\u0131c\u0131 bir ajanst\u0131r. G\u00f6rselle yaz\u0131n\u0131n, dijitalle duygunun, sanatla stratejinin bulu\u015ftu\u011fu yerdeyiz. Sosyal medya i\u00e7erikleri, dijital kampanyalar, marka kimli\u011fi ve \u00e7ok daha fazlas\u0131 i\u00e7in; \u00e7ok fikirli, biraz deli ama bol estetikli bir ekibiz. \u00c7\u00fcnk\u00fc fikir \u00f6zg\u00fcrle\u015fti\u011finde, tasar\u0131m konu\u015fmaya ba\u015flar. Biz Kimiz? Profesyonel Ekibimizle Tan\u0131\u015f\u0131n Seda Nur [&hellip;]<\/p>\n","protected":false},"author":1,"featured_media":0,"parent":0,"menu_order":0,"comment_status":"closed","ping_status":"closed","template":"","meta":{"footnotes":""},"class_list":["post-840","page","type-page","status-publish","hentry"],"blocksy_meta":{"has_hero_section":"disabled","vertical_spacing_source":"custom","content_area_spacing":"none","styles_descriptor":{"styles":{"desktop":"","tablet":"","mobile":""},"google_fonts":[],"version":6}},"_links":{"self":[{"href":"https:\/\/loiart.com.tr\/index.php\/wp-json\/wp\/v2\/pages\/840","targetHints":{"allow":["GET"]}}],"collection":[{"href":"https:\/\/loiart.com.tr\/index.php\/wp-json\/wp\/v2\/pages"}],"about":[{"href":"https:\/\/loiart.com.tr\/index.php\/wp-json\/wp\/v2\/types\/page"}],"author":[{"embeddable":true,"href":"https:\/\/loiart.com.tr\/index.php\/wp-json\/wp\/v2\/users\/1"}],"replies":[{"embeddable":true,"href":"https:\/\/loiart.com.tr\/index.php\/wp-json\/wp\/v2\/comments?post=840"}],"version-history":[{"count":336,"href":"https:\/\/loiart.com.tr\/index.php\/wp-json\/wp\/v2\/pages\/840\/revisions"}],"predecessor-version":[{"id":3051,"href":"https:\/\/loiart.com.tr\/index.php\/wp-json\/wp\/v2\/pages\/840\/revisions\/3051"}],"wp:attachment":[{"href":"https:\/\/loiart.com.tr\/index.php\/wp-json\/wp\/v2\/media?parent=840"}],"curies":[{"name":"wp","href":"https:\/\/api.w.org\/{rel}","templated":true}]}}