{"id":2953,"date":"2025-08-23T18:21:01","date_gmt":"2025-08-23T18:21:01","guid":{"rendered":"https:\/\/loiart.com.tr\/?page_id=2953"},"modified":"2025-09-08T13:05:46","modified_gmt":"2025-09-08T13:05:46","slug":"menu-tasarimi","status":"publish","type":"page","link":"https:\/\/loiart.com.tr\/index.php\/hizmetler\/menu-tasarimi\/","title":{"rendered":"Men\u00fc Tasar\u0131m\u0131"},"content":{"rendered":"\t\t<div data-elementor-type=\"wp-page\" data-elementor-id=\"2953\" class=\"elementor elementor-2953\">\n\t\t\t\t<div class=\"elementor-element elementor-element-fab19d0 e-flex e-con-boxed e-con e-parent\" data-id=\"fab19d0\" data-element_type=\"container\" data-e-type=\"container\" data-settings=\"{&quot;background_background&quot;:&quot;classic&quot;}\">\n\t\t\t\t\t<div class=\"e-con-inner\">\n\t\t\t\t\t<\/div>\n\t\t\t\t<\/div>\n\t\t<div class=\"elementor-element elementor-element-bad1e84 e-flex e-con-boxed e-con e-parent\" data-id=\"bad1e84\" data-element_type=\"container\" data-e-type=\"container\">\n\t\t\t\t\t<div class=\"e-con-inner\">\n\t\t\t\t<div class=\"elementor-element elementor-element-4bb5f76 elementor-widget elementor-widget-text-editor\" data-id=\"4bb5f76\" data-element_type=\"widget\" data-e-type=\"widget\" data-widget_type=\"text-editor.default\">\n\t\t\t\t<div class=\"elementor-widget-container\">\n\t\t\t\t\t\t\t\t\t<p>Men\u00fc Tasar\u0131m\u0131<\/p>\t\t\t\t\t\t\t\t<\/div>\n\t\t\t\t<\/div>\n\t\t\t\t<div class=\"elementor-element elementor-element-bf99ce9 elementor-widget elementor-widget-heading\" data-id=\"bf99ce9\" data-element_type=\"widget\" data-e-type=\"widget\" data-widget_type=\"heading.default\">\n\t\t\t\t<div class=\"elementor-widget-container\">\n\t\t\t\t\t<h2 class=\"elementor-heading-title elementor-size-default\">Hem bask\u0131l\u0131 hem de dijital men\u00fclerde estetik,<\/h2>\t\t\t\t<\/div>\n\t\t\t\t<\/div>\n\t\t\t\t<div class=\"elementor-element elementor-element-4614a65 elementor-widget elementor-widget-heading\" data-id=\"4614a65\" data-element_type=\"widget\" data-e-type=\"widget\" data-widget_type=\"heading.default\">\n\t\t\t\t<div class=\"elementor-widget-container\">\n\t\t\t\t\t<h2 class=\"elementor-heading-title elementor-size-default\">i\u015flev ve kullan\u0131c\u0131 deneyimini bir araya getiriyoruz.<\/h2>\t\t\t\t<\/div>\n\t\t\t\t<\/div>\n\t\t\t\t<div class=\"elementor-element elementor-element-54327d3 elementor-widget elementor-widget-text-editor\" data-id=\"54327d3\" data-element_type=\"widget\" data-e-type=\"widget\" data-widget_type=\"text-editor.default\">\n\t\t\t\t<div class=\"elementor-widget-container\">\n\t\t\t\t\t\t\t\t\t<p class=\"p1\">Men\u00fcn\u00fcz sadece yemek listesinden ibaret de\u011fildir.\u00a0<\/p><p class=\"p1\">Creative bir men\u00fc, marka alg\u0131s\u0131n\u0131 \u015fekillendirir, m\u00fc\u015fteriyi etkiler, karar verme s\u00fcrecine katk\u0131 sa\u011flar.<\/p>\t\t\t\t\t\t\t\t<\/div>\n\t\t\t\t<\/div>\n\t\t\t\t\t<\/div>\n\t\t\t\t<\/div>\n\t\t<div class=\"elementor-element elementor-element-a83a2d7 e-flex e-con-boxed e-con e-parent\" data-id=\"a83a2d7\" data-element_type=\"container\" data-e-type=\"container\">\n\t\t\t\t\t<div class=\"e-con-inner\">\n\t\t<div class=\"elementor-element elementor-element-9dcc4a8 e-con-full e-flex e-con e-child\" data-id=\"9dcc4a8\" data-element_type=\"container\" data-e-type=\"container\" data-settings=\"{&quot;background_background&quot;:&quot;classic&quot;}\">\n\t\t\t\t<\/div>\n\t\t<div class=\"elementor-element elementor-element-65719cf e-con-full e-flex e-con e-child\" data-id=\"65719cf\" data-element_type=\"container\" data-e-type=\"container\" data-settings=\"{&quot;background_background&quot;:&quot;classic&quot;}\">\n\t\t\t\t<\/div>\n\t\t\t\t\t<\/div>\n\t\t\t\t<\/div>\n\t\t<div class=\"elementor-element elementor-element-73ee502 e-flex e-con-boxed e-con e-parent\" data-id=\"73ee502\" data-element_type=\"container\" data-e-type=\"container\">\n\t\t\t\t\t<div class=\"e-con-inner\">\n\t\t\t\t\t<\/div>\n\t\t\t\t<\/div>\n\t\t\t\t<\/div>\n\t\t","protected":false},"excerpt":{"rendered":"<p>Men\u00fc Tasar\u0131m\u0131 Hem bask\u0131l\u0131 hem de dijital men\u00fclerde estetik, i\u015flev ve kullan\u0131c\u0131 deneyimini bir araya getiriyoruz. Men\u00fcn\u00fcz sadece yemek listesinden ibaret de\u011fildir.\u00a0 Creative bir men\u00fc, marka alg\u0131s\u0131n\u0131 \u015fekillendirir, m\u00fc\u015fteriyi etkiler, karar verme s\u00fcrecine katk\u0131 sa\u011flar.<\/p>\n","protected":false},"author":4,"featured_media":0,"parent":968,"menu_order":0,"comment_status":"closed","ping_status":"closed","template":"","meta":{"footnotes":""},"class_list":["post-2953","page","type-page","status-publish","hentry"],"blocksy_meta":{"has_hero_section":"disabled","vertical_spacing_source":"custom","content_area_spacing":"none","styles_descriptor":{"styles":{"desktop":"","tablet":"","mobile":""},"google_fonts":[],"version":6}},"_links":{"self":[{"href":"https:\/\/loiart.com.tr\/index.php\/wp-json\/wp\/v2\/pages\/2953","targetHints":{"allow":["GET"]}}],"collection":[{"href":"https:\/\/loiart.com.tr\/index.php\/wp-json\/wp\/v2\/pages"}],"about":[{"href":"https:\/\/loiart.com.tr\/index.php\/wp-json\/wp\/v2\/types\/page"}],"author":[{"embeddable":true,"href":"https:\/\/loiart.com.tr\/index.php\/wp-json\/wp\/v2\/users\/4"}],"replies":[{"embeddable":true,"href":"https:\/\/loiart.com.tr\/index.php\/wp-json\/wp\/v2\/comments?post=2953"}],"version-history":[{"count":28,"href":"https:\/\/loiart.com.tr\/index.php\/wp-json\/wp\/v2\/pages\/2953\/revisions"}],"predecessor-version":[{"id":3089,"href":"https:\/\/loiart.com.tr\/index.php\/wp-json\/wp\/v2\/pages\/2953\/revisions\/3089"}],"up":[{"embeddable":true,"href":"https:\/\/loiart.com.tr\/index.php\/wp-json\/wp\/v2\/pages\/968"}],"wp:attachment":[{"href":"https:\/\/loiart.com.tr\/index.php\/wp-json\/wp\/v2\/media?parent=2953"}],"curies":[{"name":"wp","href":"https:\/\/api.w.org\/{rel}","templated":true}]}}