{"id":2304,"date":"2025-08-11T19:47:43","date_gmt":"2025-08-11T19:47:43","guid":{"rendered":"http:\/\/loiart.com.tr\/?page_id=2304"},"modified":"2025-09-08T13:04:14","modified_gmt":"2025-09-08T13:04:14","slug":"ui-ux","status":"publish","type":"page","link":"https:\/\/loiart.com.tr\/index.php\/hizmetler\/ui-ux\/","title":{"rendered":"UI &#038; UX"},"content":{"rendered":"\t\t<div data-elementor-type=\"wp-page\" data-elementor-id=\"2304\" class=\"elementor elementor-2304\">\n\t\t\t\t<div class=\"elementor-element elementor-element-2e4e98b e-flex e-con-boxed e-con e-parent\" data-id=\"2e4e98b\" data-element_type=\"container\" data-e-type=\"container\" data-settings=\"{&quot;background_background&quot;:&quot;video&quot;,&quot;background_video_link&quot;:&quot;https:\\\/\\\/www.youtube.com\\\/watch?v=w0pokjyJsRg&quot;,&quot;background_video_end&quot;:70}\">\n\t\t\t\t\t<div class=\"e-con-inner\">\n\t\t<div class=\"elementor-background-video-container elementor-hidden-mobile\">\n\t\t\t\t\t\t\t<div class=\"elementor-background-video-embed\" role=\"presentation\"><\/div>\n\t\t\t\t\t\t<\/div><div class=\"elementor-element elementor-element-2270b61 e-con-full e-flex e-con e-child\" data-id=\"2270b61\" data-element_type=\"container\" data-e-type=\"container\">\n\t\t\t\t<div class=\"elementor-element elementor-element-aa0ff74 elementor-widget elementor-widget-spacer\" data-id=\"aa0ff74\" data-element_type=\"widget\" data-e-type=\"widget\" data-widget_type=\"spacer.default\">\n\t\t\t\t<div class=\"elementor-widget-container\">\n\t\t\t\t\t\t\t<div class=\"elementor-spacer\">\n\t\t\t<div class=\"elementor-spacer-inner\"><\/div>\n\t\t<\/div>\n\t\t\t\t\t\t<\/div>\n\t\t\t\t<\/div>\n\t\t\t\t<\/div>\n\t\t\t\t\t<\/div>\n\t\t\t\t<\/div>\n\t\t<div class=\"elementor-element elementor-element-bad1e84 e-flex e-con-boxed e-con e-parent\" data-id=\"bad1e84\" data-element_type=\"container\" data-e-type=\"container\">\n\t\t\t\t\t<div class=\"e-con-inner\">\n\t\t\t\t<div class=\"elementor-element elementor-element-4bb5f76 elementor-widget elementor-widget-text-editor\" data-id=\"4bb5f76\" data-element_type=\"widget\" data-e-type=\"widget\" data-widget_type=\"text-editor.default\">\n\t\t\t\t<div class=\"elementor-widget-container\">\n\t\t\t\t\t\t\t\t\t<p>Thor&#8217;s Ascension: Nine Realms<\/p>\t\t\t\t\t\t\t\t<\/div>\n\t\t\t\t<\/div>\n\t\t\t\t<div class=\"elementor-element elementor-element-bf99ce9 elementor-widget elementor-widget-heading\" data-id=\"bf99ce9\" data-element_type=\"widget\" data-e-type=\"widget\" data-widget_type=\"heading.default\">\n\t\t\t\t<div class=\"elementor-widget-container\">\n\t\t\t\t\t<h2 class=\"elementor-heading-title elementor-size-default\">Oyuncular\u0131n b\u00fcy\u00fcl\u00fc d\u00fcnyaya ilk ad\u0131m att\u0131\u011f\u0131 yer aray\u00fczd\u00fcr.<\/h2>\t\t\t\t<\/div>\n\t\t\t\t<\/div>\n\t\t\t\t<div class=\"elementor-element elementor-element-54327d3 elementor-widget elementor-widget-text-editor\" data-id=\"54327d3\" data-element_type=\"widget\" data-e-type=\"widget\" data-widget_type=\"text-editor.default\">\n\t\t\t\t<div class=\"elementor-widget-container\">\n\t\t\t\t\t\t\t\t\t<p>Nine Realms i\u00e7in, evrenin mistik atmosferini yans\u0131tan, ak\u0131c\u0131 ve sezgisel bir tasar\u0131m olu\u015fturduk.<br data-start=\"305\" data-end=\"308\" \/>Men\u00fclerden ikonlara kadar her detay\u0131 \u00f6zenle i\u015fleyerek, oyuncular\u0131n oyunun i\u00e7ine tamamen dalmas\u0131n\u0131 sa\u011flad\u0131k.<br data-start=\"417\" data-end=\"420\" \/>G\u00f6rsel uyumu ve kullan\u0131c\u0131 deneyimini bir araya getirerek, sadece oynanan de\u011fil, hissedilen bir d\u00fcnya tasarlad\u0131k.<br \/><em style=\"font-variant-ligatures: normal; font-variant-caps: normal; font-weight: 400; font-size: 16px; font-family: Onest, sans-serif;\" data-start=\"769\" data-end=\"840\"><br \/><\/em><\/p><p><em style=\"font-variant-ligatures: normal; font-variant-caps: normal; font-weight: 400; font-size: 16px; font-family: Onest, sans-serif;\" data-start=\"769\" data-end=\"840\">Oyunumuzu Steam&#8217;den Thor&#8217;s Ascension: Nine Realms olarak bulabilirsiniz.<\/em><\/p>\t\t\t\t\t\t\t\t<\/div>\n\t\t\t\t<\/div>\n\t\t\t\t\t<\/div>\n\t\t\t\t<\/div>\n\t\t<div class=\"elementor-element elementor-element-2cdb0c5 e-flex e-con-boxed e-con e-parent\" data-id=\"2cdb0c5\" data-element_type=\"container\" data-e-type=\"container\">\n\t\t\t\t\t<div class=\"e-con-inner\">\n\t\t<div class=\"elementor-element elementor-element-a6ee291 e-con-full e-flex e-con e-child\" data-id=\"a6ee291\" data-element_type=\"container\" data-e-type=\"container\" data-settings=\"{&quot;background_background&quot;:&quot;classic&quot;}\">\n\t\t\t\t<\/div>\n\t\t<div class=\"elementor-element elementor-element-ded7d0a e-con-full e-flex e-con e-child\" data-id=\"ded7d0a\" data-element_type=\"container\" data-e-type=\"container\" data-settings=\"{&quot;background_background&quot;:&quot;classic&quot;}\">\n\t\t\t\t<\/div>\n\t\t\t\t\t<\/div>\n\t\t\t\t<\/div>\n\t\t<div class=\"elementor-element elementor-element-7ee7c82 e-flex e-con-boxed e-con e-parent\" data-id=\"7ee7c82\" data-element_type=\"container\" data-e-type=\"container\">\n\t\t\t\t\t<div class=\"e-con-inner\">\n\t\t<div class=\"elementor-element elementor-element-b7e058e e-con-full e-flex e-con e-child\" data-id=\"b7e058e\" data-element_type=\"container\" data-e-type=\"container\" data-settings=\"{&quot;background_background&quot;:&quot;classic&quot;}\">\n\t\t\t\t<\/div>\n\t\t<div class=\"elementor-element elementor-element-2d0ed9c e-con-full e-flex e-con e-child\" data-id=\"2d0ed9c\" data-element_type=\"container\" data-e-type=\"container\" data-settings=\"{&quot;background_background&quot;:&quot;classic&quot;}\">\n\t\t\t\t<\/div>\n\t\t\t\t\t<\/div>\n\t\t\t\t<\/div>\n\t\t<div class=\"elementor-element elementor-element-6a2587f e-flex e-con-boxed e-con e-parent\" data-id=\"6a2587f\" data-element_type=\"container\" data-e-type=\"container\">\n\t\t\t\t\t<div class=\"e-con-inner\">\n\t\t<div class=\"elementor-element elementor-element-33df24d e-con-full e-flex e-con e-child\" data-id=\"33df24d\" data-element_type=\"container\" data-e-type=\"container\" data-settings=\"{&quot;background_background&quot;:&quot;classic&quot;}\">\n\t\t\t\t<\/div>\n\t\t<div class=\"elementor-element elementor-element-fcad434 e-con-full e-flex e-con e-child\" data-id=\"fcad434\" data-element_type=\"container\" data-e-type=\"container\" data-settings=\"{&quot;background_background&quot;:&quot;classic&quot;}\">\n\t\t\t\t<\/div>\n\t\t\t\t\t<\/div>\n\t\t\t\t<\/div>\n\t\t<div class=\"elementor-element elementor-element-9e316a8 e-flex e-con-boxed e-con e-parent\" data-id=\"9e316a8\" data-element_type=\"container\" data-e-type=\"container\">\n\t\t\t\t\t<div class=\"e-con-inner\">\n\t\t<div class=\"elementor-element elementor-element-34e69f3 e-con-full e-flex e-con e-child\" data-id=\"34e69f3\" data-element_type=\"container\" data-e-type=\"container\" data-settings=\"{&quot;background_background&quot;:&quot;classic&quot;}\">\n\t\t\t\t<\/div>\n\t\t<div class=\"elementor-element elementor-element-549247f e-con-full e-flex e-con e-child\" data-id=\"549247f\" data-element_type=\"container\" data-e-type=\"container\" data-settings=\"{&quot;background_background&quot;:&quot;classic&quot;}\">\n\t\t\t\t<\/div>\n\t\t\t\t\t<\/div>\n\t\t\t\t<\/div>\n\t\t<div class=\"elementor-element elementor-element-f441ee6 e-flex e-con-boxed e-con e-parent\" data-id=\"f441ee6\" data-element_type=\"container\" data-e-type=\"container\">\n\t\t\t\t\t<div class=\"e-con-inner\">\n\t\t<div class=\"elementor-element elementor-element-76c4512 e-con-full e-flex e-con e-child\" data-id=\"76c4512\" data-element_type=\"container\" data-e-type=\"container\" data-settings=\"{&quot;background_background&quot;:&quot;classic&quot;}\">\n\t\t\t\t<\/div>\n\t\t\t\t\t<\/div>\n\t\t\t\t<\/div>\n\t\t\t\t<\/div>\n\t\t","protected":false},"excerpt":{"rendered":"<p>Thor&#8217;s Ascension: Nine Realms Oyuncular\u0131n b\u00fcy\u00fcl\u00fc d\u00fcnyaya ilk ad\u0131m att\u0131\u011f\u0131 yer aray\u00fczd\u00fcr. Nine Realms i\u00e7in, evrenin mistik atmosferini yans\u0131tan, ak\u0131c\u0131 ve sezgisel bir tasar\u0131m olu\u015fturduk.Men\u00fclerden ikonlara kadar her detay\u0131 \u00f6zenle i\u015fleyerek, oyuncular\u0131n oyunun i\u00e7ine tamamen dalmas\u0131n\u0131 sa\u011flad\u0131k.G\u00f6rsel uyumu ve kullan\u0131c\u0131 deneyimini bir araya getirerek, sadece oynanan de\u011fil, hissedilen bir d\u00fcnya tasarlad\u0131k. Oyunumuzu Steam&#8217;den Thor&#8217;s Ascension: [&hellip;]<\/p>\n","protected":false},"author":4,"featured_media":0,"parent":968,"menu_order":0,"comment_status":"closed","ping_status":"closed","template":"","meta":{"footnotes":""},"class_list":["post-2304","page","type-page","status-publish","hentry"],"blocksy_meta":{"has_hero_section":"disabled","vertical_spacing_source":"custom","content_area_spacing":"none","styles_descriptor":{"styles":{"desktop":"","tablet":"","mobile":""},"google_fonts":[],"version":6}},"_links":{"self":[{"href":"https:\/\/loiart.com.tr\/index.php\/wp-json\/wp\/v2\/pages\/2304","targetHints":{"allow":["GET"]}}],"collection":[{"href":"https:\/\/loiart.com.tr\/index.php\/wp-json\/wp\/v2\/pages"}],"about":[{"href":"https:\/\/loiart.com.tr\/index.php\/wp-json\/wp\/v2\/types\/page"}],"author":[{"embeddable":true,"href":"https:\/\/loiart.com.tr\/index.php\/wp-json\/wp\/v2\/users\/4"}],"replies":[{"embeddable":true,"href":"https:\/\/loiart.com.tr\/index.php\/wp-json\/wp\/v2\/comments?post=2304"}],"version-history":[{"count":122,"href":"https:\/\/loiart.com.tr\/index.php\/wp-json\/wp\/v2\/pages\/2304\/revisions"}],"predecessor-version":[{"id":3083,"href":"https:\/\/loiart.com.tr\/index.php\/wp-json\/wp\/v2\/pages\/2304\/revisions\/3083"}],"up":[{"embeddable":true,"href":"https:\/\/loiart.com.tr\/index.php\/wp-json\/wp\/v2\/pages\/968"}],"wp:attachment":[{"href":"https:\/\/loiart.com.tr\/index.php\/wp-json\/wp\/v2\/media?parent=2304"}],"curies":[{"name":"wp","href":"https:\/\/api.w.org\/{rel}","templated":true}]}}