{"id":1782,"date":"2025-07-23T19:57:21","date_gmt":"2025-07-23T19:57:21","guid":{"rendered":"http:\/\/loiart.com.tr\/?page_id=1782"},"modified":"2025-09-08T13:03:26","modified_gmt":"2025-09-08T13:03:26","slug":"macro-center","status":"publish","type":"page","link":"https:\/\/loiart.com.tr\/index.php\/hizmetler\/macro-center\/","title":{"rendered":"Macro Center"},"content":{"rendered":"\t\t<div data-elementor-type=\"wp-page\" data-elementor-id=\"1782\" class=\"elementor elementor-1782\">\n\t\t\t\t<div class=\"elementor-element elementor-element-fab19d0 e-flex e-con-boxed e-con e-parent\" data-id=\"fab19d0\" data-element_type=\"container\" data-e-type=\"container\" data-settings=\"{&quot;background_background&quot;:&quot;classic&quot;}\">\n\t\t\t\t\t<div class=\"e-con-inner\">\n\t\t\t\t\t<\/div>\n\t\t\t\t<\/div>\n\t\t<div class=\"elementor-element elementor-element-bad1e84 e-flex e-con-boxed e-con e-parent\" data-id=\"bad1e84\" data-element_type=\"container\" data-e-type=\"container\">\n\t\t\t\t\t<div class=\"e-con-inner\">\n\t\t\t\t<div class=\"elementor-element elementor-element-4bb5f76 elementor-widget elementor-widget-text-editor\" data-id=\"4bb5f76\" data-element_type=\"widget\" data-e-type=\"widget\" data-widget_type=\"text-editor.default\">\n\t\t\t\t<div class=\"elementor-widget-container\">\n\t\t\t\t\t\t\t\t\t<p>Macro Online<\/p>\t\t\t\t\t\t\t\t<\/div>\n\t\t\t\t<\/div>\n\t\t\t\t<div class=\"elementor-element elementor-element-4614a65 elementor-widget elementor-widget-heading\" data-id=\"4614a65\" data-element_type=\"widget\" data-e-type=\"widget\" data-widget_type=\"heading.default\">\n\t\t\t\t<div class=\"elementor-widget-container\">\n\t\t\t\t\t<h2 class=\"elementor-heading-title elementor-size-default\">Markan\u0131n raflar\u0131ndaki \u00f6zeni,\ndijital d\u00fcnyaya ta\u015f\u0131yoruz.<\/h2>\t\t\t\t<\/div>\n\t\t\t\t<\/div>\n\t\t\t\t<div class=\"elementor-element elementor-element-54327d3 elementor-widget elementor-widget-text-editor\" data-id=\"54327d3\" data-element_type=\"widget\" data-e-type=\"widget\" data-widget_type=\"text-editor.default\">\n\t\t\t\t<div class=\"elementor-widget-container\">\n\t\t\t\t\t\t\t\t\t<p>Markan\u0131n se\u00e7kin \u00fcr\u00fcn yelpazesini ve premium hizmet anlay\u0131\u015f\u0131n\u0131, dijital vitrine ta\u015f\u0131yoruz.<br data-start=\"215\" data-end=\"218\" \/>Macrocenter\u2019\u0131n online ma\u011fazas\u0131 i\u00e7in haz\u0131rlad\u0131\u011f\u0131m\u0131z post ve banner tasar\u0131mlar\u0131nda; her detay,\u00a0<\/p><p>markan\u0131n zarafetini ve kalite alg\u0131s\u0131n\u0131 yans\u0131tacak \u015fekilde kurgulan\u0131yor.<\/p>\t\t\t\t\t\t\t\t<\/div>\n\t\t\t\t<\/div>\n\t\t\t\t\t<\/div>\n\t\t\t\t<\/div>\n\t\t<div class=\"elementor-element elementor-element-8eb537d e-flex e-con-boxed e-con e-parent\" data-id=\"8eb537d\" data-element_type=\"container\" data-e-type=\"container\">\n\t\t\t\t\t<div class=\"e-con-inner\">\n\t\t<div class=\"elementor-element elementor-element-a3b0c5a e-con-full e-flex e-con e-child\" data-id=\"a3b0c5a\" data-element_type=\"container\" data-e-type=\"container\" data-settings=\"{&quot;background_background&quot;:&quot;classic&quot;}\">\n\t\t\t\t<\/div>\n\t\t<div class=\"elementor-element elementor-element-5a49f8e e-con-full e-flex e-con e-child\" data-id=\"5a49f8e\" data-element_type=\"container\" data-e-type=\"container\" data-settings=\"{&quot;background_background&quot;:&quot;classic&quot;}\">\n\t\t\t\t<\/div>\n\t\t<div class=\"elementor-element elementor-element-8d9f2ae e-con-full e-flex e-con e-child\" data-id=\"8d9f2ae\" data-element_type=\"container\" data-e-type=\"container\" data-settings=\"{&quot;background_background&quot;:&quot;classic&quot;}\">\n\t\t\t\t<\/div>\n\t\t\t\t\t<\/div>\n\t\t\t\t<\/div>\n\t\t<div class=\"elementor-element elementor-element-acfcb93 e-flex e-con-boxed e-con e-parent\" data-id=\"acfcb93\" data-element_type=\"container\" data-e-type=\"container\">\n\t\t\t\t\t<div class=\"e-con-inner\">\n\t\t<div class=\"elementor-element elementor-element-77ea8fd e-con-full e-flex e-con e-child\" data-id=\"77ea8fd\" data-element_type=\"container\" data-e-type=\"container\" data-settings=\"{&quot;background_background&quot;:&quot;classic&quot;}\">\n\t\t\t\t<\/div>\n\t\t\t\t\t<\/div>\n\t\t\t\t<\/div>\n\t\t<div class=\"elementor-element elementor-element-c8b5d29 e-flex e-con-boxed e-con e-parent\" data-id=\"c8b5d29\" data-element_type=\"container\" data-e-type=\"container\">\n\t\t\t\t\t<div class=\"e-con-inner\">\n\t\t<div class=\"elementor-element elementor-element-9ecc742 e-con-full e-flex e-con e-child\" data-id=\"9ecc742\" data-element_type=\"container\" data-e-type=\"container\" data-settings=\"{&quot;background_background&quot;:&quot;video&quot;,&quot;background_video_link&quot;:&quot;https:\\\/\\\/www.youtube.com\\\/watch?v=Jrwi-MelNX4&quot;}\">\n\t\t<div class=\"elementor-background-video-container elementor-hidden-mobile\">\n\t\t\t\t\t\t\t<div class=\"elementor-background-video-embed\" role=\"presentation\"><\/div>\n\t\t\t\t\t\t<\/div>\t\t<\/div>\n\t\t\t\t\t<\/div>\n\t\t\t\t<\/div>\n\t\t\t\t<\/div>\n\t\t","protected":false},"excerpt":{"rendered":"<p>Macro Online Markan\u0131n raflar\u0131ndaki \u00f6zeni, dijital d\u00fcnyaya ta\u015f\u0131yoruz. Markan\u0131n se\u00e7kin \u00fcr\u00fcn yelpazesini ve premium hizmet anlay\u0131\u015f\u0131n\u0131, dijital vitrine ta\u015f\u0131yoruz.Macrocenter\u2019\u0131n online ma\u011fazas\u0131 i\u00e7in haz\u0131rlad\u0131\u011f\u0131m\u0131z post ve banner tasar\u0131mlar\u0131nda; her detay,\u00a0 markan\u0131n zarafetini ve kalite alg\u0131s\u0131n\u0131 yans\u0131tacak \u015fekilde kurgulan\u0131yor.<\/p>\n","protected":false},"author":4,"featured_media":0,"parent":968,"menu_order":0,"comment_status":"closed","ping_status":"closed","template":"","meta":{"footnotes":""},"class_list":["post-1782","page","type-page","status-publish","hentry"],"blocksy_meta":{"has_hero_section":"disabled","vertical_spacing_source":"custom","content_area_spacing":"none","styles_descriptor":{"styles":{"desktop":"","tablet":"","mobile":""},"google_fonts":[],"version":6}},"_links":{"self":[{"href":"https:\/\/loiart.com.tr\/index.php\/wp-json\/wp\/v2\/pages\/1782","targetHints":{"allow":["GET"]}}],"collection":[{"href":"https:\/\/loiart.com.tr\/index.php\/wp-json\/wp\/v2\/pages"}],"about":[{"href":"https:\/\/loiart.com.tr\/index.php\/wp-json\/wp\/v2\/types\/page"}],"author":[{"embeddable":true,"href":"https:\/\/loiart.com.tr\/index.php\/wp-json\/wp\/v2\/users\/4"}],"replies":[{"embeddable":true,"href":"https:\/\/loiart.com.tr\/index.php\/wp-json\/wp\/v2\/comments?post=1782"}],"version-history":[{"count":77,"href":"https:\/\/loiart.com.tr\/index.php\/wp-json\/wp\/v2\/pages\/1782\/revisions"}],"predecessor-version":[{"id":3080,"href":"https:\/\/loiart.com.tr\/index.php\/wp-json\/wp\/v2\/pages\/1782\/revisions\/3080"}],"up":[{"embeddable":true,"href":"https:\/\/loiart.com.tr\/index.php\/wp-json\/wp\/v2\/pages\/968"}],"wp:attachment":[{"href":"https:\/\/loiart.com.tr\/index.php\/wp-json\/wp\/v2\/media?parent=1782"}],"curies":[{"name":"wp","href":"https:\/\/api.w.org\/{rel}","templated":true}]}}