{"id":1754,"date":"2025-07-23T19:31:04","date_gmt":"2025-07-23T19:31:04","guid":{"rendered":"http:\/\/loiart.com.tr\/?page_id=1754"},"modified":"2025-09-08T13:00:32","modified_gmt":"2025-09-08T13:00:32","slug":"logo-tasarimi","status":"publish","type":"page","link":"https:\/\/loiart.com.tr\/index.php\/hizmetler\/logo-tasarimi\/","title":{"rendered":"Logo Tasar\u0131m\u0131"},"content":{"rendered":"\t\t<div data-elementor-type=\"wp-page\" data-elementor-id=\"1754\" class=\"elementor elementor-1754\">\n\t\t\t\t<div class=\"elementor-element elementor-element-fab19d0 e-flex e-con-boxed e-con e-parent\" data-id=\"fab19d0\" data-element_type=\"container\" data-e-type=\"container\" data-settings=\"{&quot;background_background&quot;:&quot;classic&quot;}\">\n\t\t\t\t\t<div class=\"e-con-inner\">\n\t\t\t\t\t<\/div>\n\t\t\t\t<\/div>\n\t\t<div class=\"elementor-element elementor-element-bad1e84 e-flex e-con-boxed e-con e-parent\" data-id=\"bad1e84\" data-element_type=\"container\" data-e-type=\"container\">\n\t\t\t\t\t<div class=\"e-con-inner\">\n\t\t\t\t<div class=\"elementor-element elementor-element-4bb5f76 elementor-widget elementor-widget-text-editor\" data-id=\"4bb5f76\" data-element_type=\"widget\" data-e-type=\"widget\" data-widget_type=\"text-editor.default\">\n\t\t\t\t<div class=\"elementor-widget-container\">\n\t\t\t\t\t\t\t\t\t<p>FinalPart<\/p>\t\t\t\t\t\t\t\t<\/div>\n\t\t\t\t<\/div>\n\t\t\t\t<div class=\"elementor-element elementor-element-bf99ce9 elementor-widget elementor-widget-heading\" data-id=\"bf99ce9\" data-element_type=\"widget\" data-e-type=\"widget\" data-widget_type=\"heading.default\">\n\t\t\t\t<div class=\"elementor-widget-container\">\n\t\t\t\t\t<h2 class=\"elementor-heading-title elementor-size-default\">Her marka bir imza ta\u015f\u0131r; biz o imzay\u0131 tasarl\u0131yoruz.<\/h2>\t\t\t\t<\/div>\n\t\t\t\t<\/div>\n\t\t\t\t<div class=\"elementor-element elementor-element-54327d3 elementor-widget elementor-widget-text-editor\" data-id=\"54327d3\" data-element_type=\"widget\" data-e-type=\"widget\" data-widget_type=\"text-editor.default\">\n\t\t\t\t<div class=\"elementor-widget-container\">\n\t\t\t\t\t\t\t\t\t<p data-start=\"146\" data-end=\"298\">LoiArt olarak, markan\u0131z\u0131n karakterini, de\u011ferlerini ve ruhunu yans\u0131tan \u00f6zg\u00fcn logolar tasarl\u0131yoruz.<\/p><p data-start=\"300\" data-end=\"450\">Minimal, e\u011flenceli, kurumsal ya da deneysel\u2026 Hangi dili konu\u015fursa konu\u015fsun, her logo tasar\u0131m\u0131nda\u00a0<\/p><p data-start=\"300\" data-end=\"450\">hem esteti\u011fi hem de i\u015flevselli\u011fi \u00f6nceliklendiriyoruz.<\/p>\t\t\t\t\t\t\t\t<\/div>\n\t\t\t\t<\/div>\n\t\t\t\t\t<\/div>\n\t\t\t\t<\/div>\n\t\t<div class=\"elementor-element elementor-element-a83a2d7 e-flex e-con-boxed e-con e-parent\" data-id=\"a83a2d7\" data-element_type=\"container\" data-e-type=\"container\">\n\t\t\t\t\t<div class=\"e-con-inner\">\n\t\t<div class=\"elementor-element elementor-element-9dcc4a8 e-con-full e-flex e-con e-child\" data-id=\"9dcc4a8\" data-element_type=\"container\" data-e-type=\"container\" data-settings=\"{&quot;background_background&quot;:&quot;classic&quot;}\">\n\t\t\t\t<\/div>\n\t\t<div class=\"elementor-element elementor-element-65719cf e-con-full e-flex e-con e-child\" data-id=\"65719cf\" data-element_type=\"container\" data-e-type=\"container\" data-settings=\"{&quot;background_background&quot;:&quot;classic&quot;}\">\n\t\t\t\t<\/div>\n\t\t\t\t\t<\/div>\n\t\t\t\t<\/div>\n\t\t<div class=\"elementor-element elementor-element-6f6614f e-flex e-con-boxed e-con e-parent\" data-id=\"6f6614f\" data-element_type=\"container\" data-e-type=\"container\">\n\t\t\t\t\t<div class=\"e-con-inner\">\n\t\t<div class=\"elementor-element elementor-element-bfb7dae e-con-full e-flex e-con e-child\" data-id=\"bfb7dae\" data-element_type=\"container\" data-e-type=\"container\" data-settings=\"{&quot;background_background&quot;:&quot;classic&quot;}\">\n\t\t\t\t<\/div>\n\t\t<div class=\"elementor-element elementor-element-4f1e5b8 e-con-full e-flex e-con e-child\" data-id=\"4f1e5b8\" data-element_type=\"container\" data-e-type=\"container\" data-settings=\"{&quot;background_background&quot;:&quot;classic&quot;}\">\n\t\t\t\t<\/div>\n\t\t<div class=\"elementor-element elementor-element-93a2a37 e-con-full e-flex e-con e-child\" data-id=\"93a2a37\" data-element_type=\"container\" data-e-type=\"container\" data-settings=\"{&quot;background_background&quot;:&quot;classic&quot;}\">\n\t\t\t\t<\/div>\n\t\t\t\t\t<\/div>\n\t\t\t\t<\/div>\n\t\t<div class=\"elementor-element elementor-element-f441ee6 e-flex e-con-boxed e-con e-parent\" data-id=\"f441ee6\" data-element_type=\"container\" data-e-type=\"container\">\n\t\t\t\t\t<div class=\"e-con-inner\">\n\t\t<div class=\"elementor-element elementor-element-76c4512 e-con-full e-flex e-con e-child\" data-id=\"76c4512\" data-element_type=\"container\" data-e-type=\"container\" data-settings=\"{&quot;background_background&quot;:&quot;classic&quot;}\">\n\t\t\t\t<\/div>\n\t\t\t\t\t<\/div>\n\t\t\t\t<\/div>\n\t\t\t\t<\/div>\n\t\t","protected":false},"excerpt":{"rendered":"<p>FinalPart Her marka bir imza ta\u015f\u0131r; biz o imzay\u0131 tasarl\u0131yoruz. LoiArt olarak, markan\u0131z\u0131n karakterini, de\u011ferlerini ve ruhunu yans\u0131tan \u00f6zg\u00fcn logolar tasarl\u0131yoruz. Minimal, e\u011flenceli, kurumsal ya da deneysel\u2026 Hangi dili konu\u015fursa konu\u015fsun, her logo tasar\u0131m\u0131nda\u00a0 hem esteti\u011fi hem de i\u015flevselli\u011fi \u00f6nceliklendiriyoruz.<\/p>\n","protected":false},"author":4,"featured_media":0,"parent":968,"menu_order":0,"comment_status":"closed","ping_status":"closed","template":"","meta":{"footnotes":""},"class_list":["post-1754","page","type-page","status-publish","hentry"],"blocksy_meta":{"has_hero_section":"disabled","vertical_spacing_source":"custom","content_area_spacing":"none","styles_descriptor":{"styles":{"desktop":"","tablet":"","mobile":""},"google_fonts":[],"version":6}},"_links":{"self":[{"href":"https:\/\/loiart.com.tr\/index.php\/wp-json\/wp\/v2\/pages\/1754","targetHints":{"allow":["GET"]}}],"collection":[{"href":"https:\/\/loiart.com.tr\/index.php\/wp-json\/wp\/v2\/pages"}],"about":[{"href":"https:\/\/loiart.com.tr\/index.php\/wp-json\/wp\/v2\/types\/page"}],"author":[{"embeddable":true,"href":"https:\/\/loiart.com.tr\/index.php\/wp-json\/wp\/v2\/users\/4"}],"replies":[{"embeddable":true,"href":"https:\/\/loiart.com.tr\/index.php\/wp-json\/wp\/v2\/comments?post=1754"}],"version-history":[{"count":67,"href":"https:\/\/loiart.com.tr\/index.php\/wp-json\/wp\/v2\/pages\/1754\/revisions"}],"predecessor-version":[{"id":3071,"href":"https:\/\/loiart.com.tr\/index.php\/wp-json\/wp\/v2\/pages\/1754\/revisions\/3071"}],"up":[{"embeddable":true,"href":"https:\/\/loiart.com.tr\/index.php\/wp-json\/wp\/v2\/pages\/968"}],"wp:attachment":[{"href":"https:\/\/loiart.com.tr\/index.php\/wp-json\/wp\/v2\/media?parent=1754"}],"curies":[{"name":"wp","href":"https:\/\/api.w.org\/{rel}","templated":true}]}}