{"id":1667,"date":"2025-07-22T07:20:25","date_gmt":"2025-07-22T07:20:25","guid":{"rendered":"http:\/\/loiart.com.tr\/?page_id=1667"},"modified":"2025-09-08T12:55:20","modified_gmt":"2025-09-08T12:55:20","slug":"3d-animasyon-2","status":"publish","type":"page","link":"https:\/\/loiart.com.tr\/index.php\/hizmetler\/3d-animasyon-2\/","title":{"rendered":"3D Animasyon"},"content":{"rendered":"\t\t<div data-elementor-type=\"wp-page\" data-elementor-id=\"1667\" class=\"elementor elementor-1667\">\n\t\t\t\t<div class=\"elementor-element elementor-element-fab19d0 e-flex e-con-boxed e-con e-parent\" data-id=\"fab19d0\" data-element_type=\"container\" data-e-type=\"container\" data-settings=\"{&quot;background_background&quot;:&quot;classic&quot;}\">\n\t\t\t\t\t<div class=\"e-con-inner\">\n\t\t\t\t\t<\/div>\n\t\t\t\t<\/div>\n\t\t<div class=\"elementor-element elementor-element-bad1e84 e-flex e-con-boxed e-con e-parent\" data-id=\"bad1e84\" data-element_type=\"container\" data-e-type=\"container\">\n\t\t\t\t\t<div class=\"e-con-inner\">\n\t\t\t\t<div class=\"elementor-element elementor-element-4bb5f76 elementor-widget elementor-widget-text-editor\" data-id=\"4bb5f76\" data-element_type=\"widget\" data-e-type=\"widget\" data-widget_type=\"text-editor.default\">\n\t\t\t\t<div class=\"elementor-widget-container\">\n\t\t\t\t\t\t\t\t\t<p>Zeyno\u015f &amp; Adi\u015f<\/p>\t\t\t\t\t\t\t\t<\/div>\n\t\t\t\t<\/div>\n\t\t\t\t<div class=\"elementor-element elementor-element-bf99ce9 elementor-widget elementor-widget-heading\" data-id=\"bf99ce9\" data-element_type=\"widget\" data-e-type=\"widget\" data-widget_type=\"heading.default\">\n\t\t\t\t<div class=\"elementor-widget-container\">\n\t\t\t\t\t<h2 class=\"elementor-heading-title elementor-size-default\">Hayalinizdeki karakterlere hayat veriyoruz.<\/h2>\t\t\t\t<\/div>\n\t\t\t\t<\/div>\n\t\t\t\t<div class=\"elementor-element elementor-element-54327d3 elementor-widget elementor-widget-text-editor\" data-id=\"54327d3\" data-element_type=\"widget\" data-e-type=\"widget\" data-widget_type=\"text-editor.default\">\n\t\t\t\t<div class=\"elementor-widget-container\">\n\t\t\t\t\t\t\t\t\t<p data-start=\"528\" data-end=\"667\">Modelleme, rigleme ve animasyon s\u00fcre\u00e7lerini titizlikle y\u00f6netiyor, projenizin ruhuna en uygun\u00a0<\/p><p data-start=\"528\" data-end=\"667\">g\u00f6rsel dili birlikte olu\u015fturuyoruz. Fikirlerinize hareket kat\u0131yor, hik\u00e2yenizi g\u00f6r\u00fcn\u00fcr k\u0131l\u0131yoruz.<\/p><p data-start=\"528\" data-end=\"667\"><em data-start=\"769\" data-end=\"840\">Bu animasyonlar\u0131n baz\u0131lar\u0131na Zeyno\u015f&amp;Adi\u015f YouTube kanal\u0131ndan ula\u015fabilirsiniz.<\/em><\/p>\t\t\t\t\t\t\t\t<\/div>\n\t\t\t\t<\/div>\n\t\t\t\t\t<\/div>\n\t\t\t\t<\/div>\n\t\t<div class=\"elementor-element elementor-element-f441ee6 e-flex e-con-boxed e-con e-parent\" data-id=\"f441ee6\" data-element_type=\"container\" data-e-type=\"container\">\n\t\t\t\t\t<div class=\"e-con-inner\">\n\t\t<div class=\"elementor-element elementor-element-76c4512 e-con-full e-flex e-con e-child\" data-id=\"76c4512\" data-element_type=\"container\" data-e-type=\"container\" data-settings=\"{&quot;background_background&quot;:&quot;classic&quot;}\">\n\t\t\t\t<div class=\"elementor-element elementor-element-fb82b2a elementor-view-default elementor-widget elementor-widget-icon\" data-id=\"fb82b2a\" data-element_type=\"widget\" data-e-type=\"widget\" data-widget_type=\"icon.default\">\n\t\t\t\t<div class=\"elementor-widget-container\">\n\t\t\t\t\t\t\t<div class=\"elementor-icon-wrapper\">\n\t\t\t<a class=\"elementor-icon\" href=\"https:\/\/cerenharova.myportfolio.com\/3d-animation\" target=\"_blank\">\n\t\t\t<svg xmlns=\"http:\/\/www.w3.org\/2000\/svg\" xml:space=\"preserve\" style=\"enable-background:new 0 0 40 40\" viewBox=\"0 0 40 40\"><path d=\"M20 0C9 0 0 9 0 20s9 20 20 20 20-9 20-20S31 0 20 0zm-4.2 27.5V13.3l10.8 7.1-10.8 7.1z\"><\/path><\/svg>\t\t\t<\/a>\n\t\t<\/div>\n\t\t\t\t\t\t<\/div>\n\t\t\t\t<\/div>\n\t\t\t\t<\/div>\n\t\t\t\t\t<\/div>\n\t\t\t\t<\/div>\n\t\t\t\t<\/div>\n\t\t","protected":false},"excerpt":{"rendered":"<p>Zeyno\u015f &amp; Adi\u015f Hayalinizdeki karakterlere hayat veriyoruz. Modelleme, rigleme ve animasyon s\u00fcre\u00e7lerini titizlikle y\u00f6netiyor, projenizin ruhuna en uygun\u00a0 g\u00f6rsel dili birlikte olu\u015fturuyoruz. Fikirlerinize hareket kat\u0131yor, hik\u00e2yenizi g\u00f6r\u00fcn\u00fcr k\u0131l\u0131yoruz. Bu animasyonlar\u0131n baz\u0131lar\u0131na Zeyno\u015f&amp;Adi\u015f YouTube kanal\u0131ndan ula\u015fabilirsiniz.<\/p>\n","protected":false},"author":4,"featured_media":0,"parent":968,"menu_order":0,"comment_status":"closed","ping_status":"closed","template":"","meta":{"footnotes":""},"class_list":["post-1667","page","type-page","status-publish","hentry"],"blocksy_meta":{"has_hero_section":"disabled","vertical_spacing_source":"custom","content_area_spacing":"none","styles_descriptor":{"styles":{"desktop":"","tablet":"","mobile":""},"google_fonts":[],"version":6}},"_links":{"self":[{"href":"https:\/\/loiart.com.tr\/index.php\/wp-json\/wp\/v2\/pages\/1667","targetHints":{"allow":["GET"]}}],"collection":[{"href":"https:\/\/loiart.com.tr\/index.php\/wp-json\/wp\/v2\/pages"}],"about":[{"href":"https:\/\/loiart.com.tr\/index.php\/wp-json\/wp\/v2\/types\/page"}],"author":[{"embeddable":true,"href":"https:\/\/loiart.com.tr\/index.php\/wp-json\/wp\/v2\/users\/4"}],"replies":[{"embeddable":true,"href":"https:\/\/loiart.com.tr\/index.php\/wp-json\/wp\/v2\/comments?post=1667"}],"version-history":[{"count":68,"href":"https:\/\/loiart.com.tr\/index.php\/wp-json\/wp\/v2\/pages\/1667\/revisions"}],"predecessor-version":[{"id":3064,"href":"https:\/\/loiart.com.tr\/index.php\/wp-json\/wp\/v2\/pages\/1667\/revisions\/3064"}],"up":[{"embeddable":true,"href":"https:\/\/loiart.com.tr\/index.php\/wp-json\/wp\/v2\/pages\/968"}],"wp:attachment":[{"href":"https:\/\/loiart.com.tr\/index.php\/wp-json\/wp\/v2\/media?parent=1667"}],"curies":[{"name":"wp","href":"https:\/\/api.w.org\/{rel}","templated":true}]}}